{"id":5503,"date":"2019-02-07T11:56:20","date_gmt":"2019-02-07T11:56:20","guid":{"rendered":"https:\/\/upstreamfactory.com\/pl\/?post_type=product&#038;p=5503"},"modified":"2019-02-08T13:16:22","modified_gmt":"2019-02-08T13:16:22","slug":"lampka-nocna-murzynek-bobas","status":"publish","type":"product","link":"https:\/\/upstreamfactory.com\/pl\/product\/lampka-nocna-murzynek-bobas\/","title":{"rendered":"Lampka Nocna &#8222;Murzynek Bobas&#8221;"},"content":{"rendered":"<p>Unikatowa lampka nocna z lat 50-tych wyprodukowana w Polsce. Z uwagi na bardzo kr\u00f3tk\u0105 seri\u0119 tego modelu jest to jeden z nielicznych zachowanych egzemplarzy.<\/p>\n","protected":false},"excerpt":{"rendered":"<p><span class=\"categorybreadcrumbs\"><br \/>\nkategoria: <a href=\"https:\/\/upstreamfactory.com\/pl\/lighting\/\">o\u015bwietlenie<\/a> > <a href=\"https:\/\/upstreamfactory.com\/pl\/desk\/\">biurko<\/a><br \/>\n<\/span><\/p>\n<p class=\"single-header\">Opis:<\/p>\n<p class=\"single-description\">\nUnikatowa lampka nocna z lat 50-tych wyprodukowana w Polsce. Z uwagi na bardzo kr\u00f3tk\u0105 seri\u0119 tego modelu jest to jeden z nielicznych zachowanych egzemplarzy.\n<\/p>\n<p class=\"single-header\">Konstrukcja:<\/p>\n<p class=\"single-description\">\nKorpus lampki wykonany z wypalanej ceramiki pokrytej lakierem , imitacj\u0119 fryzury stanowi\u0105 bardzo drobne kamyczki w szarym kolorze.<br \/>\nOprawka \u017car\u00f3wki na gwint E 27 zespolona z figurk\u0105, oryginalna instalacja elektryczna w bawe\u0142nianym oplocie, w\u0142\u0105cznik produkcji Sp\u00f3\u0142dzielni Pracy &#8222;Elektrotechnika&#8221; Warszawa. Stan zachowania bardzo dobry.\n<\/p>\n<p class=\"single-header\">Wymiary:\n<\/p>\n<p class=\"single-description\">\nWysoko\u015b\u0107: 29 cm<br \/>\n\u015arednica podstawy: 16 cm<br \/>\nD\u0142ugo\u015b\u0107 przewodu: 120 cm\n<\/p>\n<p class=\"full-specification\"><a href=\"https:\/\/upstreamfactory.com\/wp-content\/products-pdf\/baby-lamp-pl.pdf\" target=\"_blank\" rel=\"noopener\">Zobacz pe\u0142n\u0105 specyfikacj\u0119<\/a><\/p>\n","protected":false},"featured_media":5523,"comment_status":"open","ping_status":"closed","template":"","meta":{"_et_pb_use_builder":"","_et_pb_old_content":"","_et_gb_content_width":""},"product_brand":[],"product_cat":[19,15],"product_tag":[],"class_list":{"0":"post-5503","1":"product","2":"type-product","3":"status-publish","4":"has-post-thumbnail","6":"product_cat-desk","7":"product_cat-lighting","9":"first","10":"instock","11":"shipping-taxable","12":"purchasable","13":"product-type-simple"},"_links":{"self":[{"href":"https:\/\/upstreamfactory.com\/pl\/wp-json\/wp\/v2\/product\/5503","targetHints":{"allow":["GET"]}}],"collection":[{"href":"https:\/\/upstreamfactory.com\/pl\/wp-json\/wp\/v2\/product"}],"about":[{"href":"https:\/\/upstreamfactory.com\/pl\/wp-json\/wp\/v2\/types\/product"}],"replies":[{"embeddable":true,"href":"https:\/\/upstreamfactory.com\/pl\/wp-json\/wp\/v2\/comments?post=5503"}],"wp:featuredmedia":[{"embeddable":true,"href":"https:\/\/upstreamfactory.com\/pl\/wp-json\/wp\/v2\/media\/5523"}],"wp:attachment":[{"href":"https:\/\/upstreamfactory.com\/pl\/wp-json\/wp\/v2\/media?parent=5503"}],"wp:term":[{"taxonomy":"product_brand","embeddable":true,"href":"https:\/\/upstreamfactory.com\/pl\/wp-json\/wp\/v2\/product_brand?post=5503"},{"taxonomy":"product_cat","embeddable":true,"href":"https:\/\/upstreamfactory.com\/pl\/wp-json\/wp\/v2\/product_cat?post=5503"},{"taxonomy":"product_tag","embeddable":true,"href":"https:\/\/upstreamfactory.com\/pl\/wp-json\/wp\/v2\/product_tag?post=5503"}],"curies":[{"name":"wp","href":"https:\/\/api.w.org\/{rel}","templated":true}]}}