{"id":5141,"date":"2018-12-05T12:15:53","date_gmt":"2018-12-05T12:15:53","guid":{"rendered":"https:\/\/upstreamfactory.com\/pl\/?post_type=product&#038;p=5141"},"modified":"2019-02-07T11:36:45","modified_gmt":"2019-02-07T11:36:45","slug":"zegar-fabryczny-tn-tele-norma-germany","status":"publish","type":"product","link":"https:\/\/upstreamfactory.com\/pl\/product\/zegar-fabryczny-tn-tele-norma-germany\/","title":{"rendered":"Zegar fabryczny TN Tele Norma Germany"},"content":{"rendered":"<p>Oryginalny zegar fabryczny niemieckiej firmy TN Tele Norma wyprodukowany w latach 60-tych.<\/p>\n","protected":false},"excerpt":{"rendered":"<p><span class=\"categorybreadcrumbs\"><br \/>\nkategoria: <a href=\"https:\/\/upstreamfactory.com\/pl\/decorative-objects\/\">przedmioty dekoracyjne<\/a> > <a href=\"https:\/\/upstreamfactory.com\/pl\/other-do\/\">inne<\/a><br \/>\n<\/span><\/p>\n<p class=\"single-header\">Opis:<\/p>\n<p class=\"single-description\">\nOryginalny zegar fabryczny niemieckiej firmy TN Tele Norma wyprodukowany w latach 60-tych.<br \/>\nPierwotnie pe\u0142ni\u0142 funkcj\u0119 tzw. zegara wt\u00f3rnego (slave clock) nie posiadaj\u0105cego w\u0142asnego niezale\u017cnego mechanizmu do odmierzania czasu &#8211; sterowanie odbywa\u0142o si\u0119 za pomoc\u0105 zegara g\u0142\u00f3wnego (master clock), kt\u00f3ry jednocze\u015bnie obs\u0142ugiwa\u0142 kilka odbiornik\u00f3w i zapewnia\u0142 takie samo wskazanie czasu na ka\u017cdym z nich.<\/p>\n<p class=\"single-header\">Konstrukcja:<\/p>\n<p class=\"single-description\">\nObudowa wykonana z t\u0142oczonej stalowej blachy pokrytej lakierem, w g\u00f3rnej cz\u0119\u015bci znajduje si\u0119 zawias mocuj\u0105cy chromowan\u0105 ramk\u0119 ze szk\u0142em zabezpieczaj\u0105cym wskaz\u00f3wki i aluminiowy cyferblat.\n<\/p>\n<p class=\"single-header\"> Zakres renowacji:<\/p>\n<p class=\"single-description\">\nZegar zosta\u0142 dok\u0142adnie oczyszczony z zachowaniem oryginalnego lakieru i patyny czasu, elektryczny mechanizm steruj\u0105cy wskazaniem czasu wymieniony na wsp\u00f3\u0142czesny werk z zasilaniem bateryjnym (modern quartz movement with a battery).<\/p>\n<p class=\"single-header\"> Wymiary:<\/p>\n<p class=\"single-description\">\n\u015arednica: 30,5 cm<br \/>\nG\u0142\u0119boko\u015b\u0107: 7 cm\n<\/p>\n<p class=\"full-specification\"><a href=\"https:\/\/upstreamfactory.com\/wp-content\/products-pdf\/tele-norma-clock-pl.pdf\" target=\"_blank\" rel=\"noopener\">Zobacz pe\u0142n\u0105 specyfikacj\u0119<\/a><\/p>\n","protected":false},"featured_media":5142,"comment_status":"open","ping_status":"closed","template":"","meta":{"_et_pb_use_builder":"","_et_pb_old_content":"","_et_gb_content_width":""},"product_brand":[],"product_cat":[43,46],"product_tag":[],"class_list":{"0":"post-5141","1":"product","2":"type-product","3":"status-publish","4":"has-post-thumbnail","6":"product_cat-decorative-objects","7":"product_cat-other-do","9":"first","10":"instock","11":"shipping-taxable","12":"purchasable","13":"product-type-simple"},"_links":{"self":[{"href":"https:\/\/upstreamfactory.com\/pl\/wp-json\/wp\/v2\/product\/5141","targetHints":{"allow":["GET"]}}],"collection":[{"href":"https:\/\/upstreamfactory.com\/pl\/wp-json\/wp\/v2\/product"}],"about":[{"href":"https:\/\/upstreamfactory.com\/pl\/wp-json\/wp\/v2\/types\/product"}],"replies":[{"embeddable":true,"href":"https:\/\/upstreamfactory.com\/pl\/wp-json\/wp\/v2\/comments?post=5141"}],"wp:featuredmedia":[{"embeddable":true,"href":"https:\/\/upstreamfactory.com\/pl\/wp-json\/wp\/v2\/media\/5142"}],"wp:attachment":[{"href":"https:\/\/upstreamfactory.com\/pl\/wp-json\/wp\/v2\/media?parent=5141"}],"wp:term":[{"taxonomy":"product_brand","embeddable":true,"href":"https:\/\/upstreamfactory.com\/pl\/wp-json\/wp\/v2\/product_brand?post=5141"},{"taxonomy":"product_cat","embeddable":true,"href":"https:\/\/upstreamfactory.com\/pl\/wp-json\/wp\/v2\/product_cat?post=5141"},{"taxonomy":"product_tag","embeddable":true,"href":"https:\/\/upstreamfactory.com\/pl\/wp-json\/wp\/v2\/product_tag?post=5141"}],"curies":[{"name":"wp","href":"https:\/\/api.w.org\/{rel}","templated":true}]}}