{"id":5079,"date":"2018-12-04T15:22:16","date_gmt":"2018-12-04T15:22:16","guid":{"rendered":"https:\/\/upstreamfactory.com\/pl\/?post_type=product&#038;p=5079"},"modified":"2019-02-07T11:35:12","modified_gmt":"2019-02-07T11:35:12","slug":"para-zeliwnych-stojakow-do-sklepowych-manekinow","status":"publish","type":"product","link":"https:\/\/upstreamfactory.com\/pl\/product\/para-zeliwnych-stojakow-do-sklepowych-manekinow\/","title":{"rendered":"Para \u017beliwnych Stojak\u00f3w do Sklepowych Manekin\u00f3w"},"content":{"rendered":"<p>Oryginalny komplet \u017celiwnych stojak\u00f3w produkcji polskiej z lat 30 -tych XX wieku. W pierwotnym zastosowaniu s\u0142u\u017cy\u0142y do monta\u017cu stalowego pr\u0119ta b\u0105d\u017a rury, na kt\u00f3rej osadzony by\u0142 tors ekspozycyjny prezentuj\u0105cy kolekcje ubraniowe.<\/p>\n","protected":false},"excerpt":{"rendered":"<p><span class=\"categorybreadcrumbs\"><br \/>\nkategoria: <a href=\"https:\/\/upstreamfactory.com\/pl\/decorative-objects\/\">przedmioty dekoracyjne<\/a> > <a href=\"https:\/\/upstreamfactory.com\/pl\/other-do\/\">inne<\/a><br \/>\n<\/span><\/p>\n<p class=\"single-header\">Opis:<\/p>\n<p class=\"single-description\">\nOryginalny komplet \u017celiwnych stojak\u00f3w produkcji polskiej z lat 30 -tych XX wieku. W pierwotnym zastosowaniu s\u0142u\u017cy\u0142y do monta\u017cu stalowego pr\u0119ta b\u0105d\u017a rury, na kt\u00f3rej osadzony by\u0142 tors ekspozycyjny prezentuj\u0105cy kolekcje ubraniowe.\n<\/p>\n<p class=\"single-header\">Konstrukcja:<\/p>\n<p class=\"single-description\">\nSolidna \u017celiwna konstrukcja sk\u0142adaj\u0105ca si\u0119 z korpusu z wewn\u0119trzn\u0105 stalow\u0105 tulej\u0105 i zespolonymi trzema niezale\u017cnymi nogami. W g\u00f3rnej cz\u0119\u015bci umieszczona \u015bruba motylkowa s\u0142u\u017c\u0105ca do regulacji wysoko\u015bci.\n<\/p>\n<p class=\"single-header\"> Zakres renowacji:<\/p>\n<p class=\"single-description\">\n\u017beliwne elementy poddane procesowi piaskowania celem usuni\u0119cia kilku warstw starych pow\u0142ok lakierniczych, nast\u0119pnie procesowi tzw. &#8222;sezonowania&#8221; do czasu uzyskania naturalnej warstwy rdzy. W ko\u0144cowym etapie ca\u0142o\u015b\u0107 zabezpieczona specjalnym woskiem.<\/p>\n<p class=\"single-header\"> Wymiary:<\/p>\n<p class=\"single-description\">\nWysoko\u015b\u0107: 42,5 cm<br \/>\nSzeroko\u015b\u0107: 39,5 cm<br \/>\nG\u0142\u0119boko\u015b\u0107: 39,5 cm<br \/>\nWaga 1 szt.: 12 kg<br \/>\nWewn\u0119trzna \u015brednica stalowej tulei: 2 cm\n<\/p>\n<p class=\"full-specification\"><a href=\"https:\/\/upstreamfactory.com\/wp-content\/products-pdf\/mannequins-stands-pl.pdf\" target=\"_blank\" rel=\"noopener\">Zobacz pe\u0142n\u0105 specyfikacj\u0119<\/a><\/p>\n<p>Cena za komplet 2 szt.<\/p>\n","protected":false},"featured_media":5080,"comment_status":"open","ping_status":"closed","template":"","meta":{"_et_pb_use_builder":"","_et_pb_old_content":"","_et_gb_content_width":""},"product_brand":[],"product_cat":[43,46],"product_tag":[],"class_list":{"0":"post-5079","1":"product","2":"type-product","3":"status-publish","4":"has-post-thumbnail","6":"product_cat-decorative-objects","7":"product_cat-other-do","9":"first","10":"instock","11":"shipping-taxable","12":"purchasable","13":"product-type-simple"},"_links":{"self":[{"href":"https:\/\/upstreamfactory.com\/pl\/wp-json\/wp\/v2\/product\/5079","targetHints":{"allow":["GET"]}}],"collection":[{"href":"https:\/\/upstreamfactory.com\/pl\/wp-json\/wp\/v2\/product"}],"about":[{"href":"https:\/\/upstreamfactory.com\/pl\/wp-json\/wp\/v2\/types\/product"}],"replies":[{"embeddable":true,"href":"https:\/\/upstreamfactory.com\/pl\/wp-json\/wp\/v2\/comments?post=5079"}],"wp:featuredmedia":[{"embeddable":true,"href":"https:\/\/upstreamfactory.com\/pl\/wp-json\/wp\/v2\/media\/5080"}],"wp:attachment":[{"href":"https:\/\/upstreamfactory.com\/pl\/wp-json\/wp\/v2\/media?parent=5079"}],"wp:term":[{"taxonomy":"product_brand","embeddable":true,"href":"https:\/\/upstreamfactory.com\/pl\/wp-json\/wp\/v2\/product_brand?post=5079"},{"taxonomy":"product_cat","embeddable":true,"href":"https:\/\/upstreamfactory.com\/pl\/wp-json\/wp\/v2\/product_cat?post=5079"},{"taxonomy":"product_tag","embeddable":true,"href":"https:\/\/upstreamfactory.com\/pl\/wp-json\/wp\/v2\/product_tag?post=5079"}],"curies":[{"name":"wp","href":"https:\/\/api.w.org\/{rel}","templated":true}]}}