{"id":5028,"date":"2018-12-04T14:01:54","date_gmt":"2018-12-04T14:01:54","guid":{"rendered":"https:\/\/upstreamfactory.com\/pl\/?post_type=product&#038;p=5028"},"modified":"2019-02-07T11:33:45","modified_gmt":"2019-02-07T11:33:45","slug":"krzesla-projektu-adama-stegnera-dla-firmy-elmar-flototto","status":"publish","type":"product","link":"https:\/\/upstreamfactory.com\/pl\/product\/krzesla-projektu-adama-stegnera-dla-firmy-elmar-flototto\/","title":{"rendered":"Krzes\u0142a projektu Adama Stegnera dla firmy Elmar Flototto"},"content":{"rendered":"<p>2 szt. krzese\u0142 z lat 60-tych projektu Adama Stegnera dla firmy Elmar Flototto.<\/p>\n","protected":false},"excerpt":{"rendered":"<p><span class=\"categorybreadcrumbs\"><br \/>\nkategoria: <a href=\"https:\/\/upstreamfactory.com\/pl\/furniture\/\">meble<\/a> > <a href=\"https:\/\/upstreamfactory.com\/pl\/various\/\">inne<\/a><br \/>\n<\/span><\/p>\n<p class=\"single-header\">Opis:<\/p>\n<p class=\"single-description\">\n2 szt. krzese\u0142 z lat 60-tych projektu Adama Stegnera dla firmy Elmar Flototto.<\/p>\n<p class=\"single-header\">Konstrukcja:<\/p>\n<p class=\"single-description\">\nKrzes\u0142a wykonane z palisandrowego drewna po\u0142\u0105czonego z tworzywem tzw. pagwood i profilowanego ci\u015bnieniowo. Stalowa konstrukcja n\u00f3g w formie p\u0142\u00f3z pokryta warstw\u0105 chromu. Bardzo wygodne i dopasowane do plec\u00f3w. Elastyczne oparcie.<br \/>\nKrzes\u0142a sygnowane znakiem producenta i numerami seryjnymi.<\/p>\n<p class=\"single-header\">\nWymiary:\n<\/p>\n<p class=\"single-description\">\nWysoko\u015b\u0107 ca\u0142kowita: 66 cm<br \/>\nWysoko\u015b\u0107 od ziemi do siedzenia: 37 cm<br \/>\nRozstaw n\u00f3g: 45,5 cm<br \/>\nSzeroko\u015b\u0107 siedzenia: 33,5 cm<br \/>\nG\u0142\u0119boko\u015b\u0107: 37,5 cm<br \/>\nWaga 1 szt.: 3,5 kg\n<\/p>\n<p class=\"full-specification\"><a href=\"https:\/\/upstreamfactory.com\/wp-content\/products-pdf\/adam-stegners-chairs-pl.pdf\" target=\"_blank\" rel=\"noopener\">Zobacz pe\u0142n\u0105 specyfikacj\u0119<\/a><\/p>\n<p>Cena za komplet 2 szt.<\/p>\n","protected":false},"featured_media":5029,"comment_status":"open","ping_status":"closed","template":"","meta":{"_et_pb_use_builder":"","_et_pb_old_content":"","_et_gb_content_width":""},"product_brand":[],"product_cat":[16,25],"product_tag":[],"class_list":{"0":"post-5028","1":"product","2":"type-product","3":"status-publish","4":"has-post-thumbnail","6":"product_cat-furniture","7":"product_cat-various","9":"first","10":"instock","11":"shipping-taxable","12":"purchasable","13":"product-type-simple"},"_links":{"self":[{"href":"https:\/\/upstreamfactory.com\/pl\/wp-json\/wp\/v2\/product\/5028","targetHints":{"allow":["GET"]}}],"collection":[{"href":"https:\/\/upstreamfactory.com\/pl\/wp-json\/wp\/v2\/product"}],"about":[{"href":"https:\/\/upstreamfactory.com\/pl\/wp-json\/wp\/v2\/types\/product"}],"replies":[{"embeddable":true,"href":"https:\/\/upstreamfactory.com\/pl\/wp-json\/wp\/v2\/comments?post=5028"}],"wp:featuredmedia":[{"embeddable":true,"href":"https:\/\/upstreamfactory.com\/pl\/wp-json\/wp\/v2\/media\/5029"}],"wp:attachment":[{"href":"https:\/\/upstreamfactory.com\/pl\/wp-json\/wp\/v2\/media?parent=5028"}],"wp:term":[{"taxonomy":"product_brand","embeddable":true,"href":"https:\/\/upstreamfactory.com\/pl\/wp-json\/wp\/v2\/product_brand?post=5028"},{"taxonomy":"product_cat","embeddable":true,"href":"https:\/\/upstreamfactory.com\/pl\/wp-json\/wp\/v2\/product_cat?post=5028"},{"taxonomy":"product_tag","embeddable":true,"href":"https:\/\/upstreamfactory.com\/pl\/wp-json\/wp\/v2\/product_tag?post=5028"}],"curies":[{"name":"wp","href":"https:\/\/api.w.org\/{rel}","templated":true}]}}