{"id":5007,"date":"2018-12-04T12:32:42","date_gmt":"2018-12-04T12:32:42","guid":{"rendered":"https:\/\/upstreamfactory.com\/pl\/?post_type=product&#038;p=5007"},"modified":"2023-01-07T18:09:01","modified_gmt":"2023-01-07T18:09:01","slug":"oryginalna-lopata-tylnego-wirnika-westland-sea-king","status":"publish","type":"product","link":"https:\/\/upstreamfactory.com\/pl\/product\/oryginalna-lopata-tylnego-wirnika-westland-sea-king\/","title":{"rendered":"Oryginalna \u0141opata Tylnego Wirnika Westland Sea King"},"content":{"rendered":"<p>Oryginalna \u0142opata tylnego wirnika tzw. rotora brytyjskiego \u015bmig\u0142owca Westland Sea King. Nap\u0119dzane pot\u0119\u017cnymi silnikami Rolls Royce Gnome \u0142opaty po przepracowaniu w s\u0142u\u017cbie RAF okre\u015blonego czasu zosta\u0142y przeniesione do cywila i finalnie trafi\u0142y \u201ena warsztat\u201d Upstream Factory.<\/p>\n","protected":false},"excerpt":{"rendered":"<p><span class=\"categorybreadcrumbs\"><br \/>\nkategoria: <a href=\"https:\/\/upstreamfactory.com\/pl\/furniture\/\">meble<\/a> > <a href=\"https:\/\/upstreamfactory.com\/pl\/various\/\">inne<\/a><br \/>\n<\/span><\/p>\n<p class=\"single-header\">Opis:<\/p>\n<p class=\"single-description\">\nOryginalna \u0142opata tylnego wirnika tzw. rotora brytyjskiego \u015bmig\u0142owca Westland Sea King. Nap\u0119dzane pot\u0119\u017cnymi silnikami Rolls Royce Gnome \u0142opaty po przepracowaniu w s\u0142u\u017cbie RAF okre\u015blonego czasu zosta\u0142y przeniesione do cywila i finalnie trafi\u0142y \u201ena warsztat\u201d Upstream Factory.\n<\/p>\n<p class=\"single-description\">\n<i>Lata produkcji: 1980-90<\/i>\n<\/p>\n<p class=\"single-header\">\nKonstrukcja:\n<\/p>\n<p class=\"single-description\">\nMateria\u0142 \u2013 lotnicze aluminium, oryginalny zielony lakier z czerwonym pasem, sygnatury producenta, wyt\u0142oczone numery seryjne, w komplecie wojskowa dokumentacja serwisowa. Na powierzchni \u015blady powietrznych podr\u00f3\u017cy.\n<\/p>\n<p class=\"single-header\">\nWymiary \u0142opaty:\n<\/p>\n<p class=\"single-description\">\nD\u0142ugo\u015b\u0107 ca\u0142kowita: 121,5 cm<br \/>\nSzeroko\u015b\u0107: 19 cm<br \/>\nMaksymalna grubo\u015b\u0107 \u0142opaty: 2,5 cm<br \/>\nGrubo\u015b\u0107 mocowania: 2,5 cm<br \/>\nWaga: 3 kg\n<\/p>\n<p class=\"single-description\">\nUwaga:<br \/>\nOferowane \u0142opaty nosz\u0105 normalne \u015blady eksploatacyjne, na oryginalnym lakierze rysy, przebarwienia koloru, czasami niewielkie wgniecenia. Przedmioty do wysy\u0142ki wybieramy losowo.\n<\/p>\n<p class=\"full-specification\"><a href=\"https:\/\/upstreamfactory.com\/wp-content\/products-pdf\/westland-rotor-blade-pl.pdf\" target=\"_blank\" rel=\"noopener\">Zobacz pe\u0142n\u0105 specyfikacj\u0119<\/a><\/p>\n","protected":false},"featured_media":5008,"comment_status":"open","ping_status":"closed","template":"","meta":{"_et_pb_use_builder":"","_et_pb_old_content":"","_et_gb_content_width":""},"product_brand":[],"product_cat":[16,25],"product_tag":[],"class_list":{"0":"post-5007","1":"product","2":"type-product","3":"status-publish","4":"has-post-thumbnail","6":"product_cat-furniture","7":"product_cat-various","9":"first","10":"instock","11":"shipping-taxable","12":"purchasable","13":"product-type-simple"},"_links":{"self":[{"href":"https:\/\/upstreamfactory.com\/pl\/wp-json\/wp\/v2\/product\/5007","targetHints":{"allow":["GET"]}}],"collection":[{"href":"https:\/\/upstreamfactory.com\/pl\/wp-json\/wp\/v2\/product"}],"about":[{"href":"https:\/\/upstreamfactory.com\/pl\/wp-json\/wp\/v2\/types\/product"}],"replies":[{"embeddable":true,"href":"https:\/\/upstreamfactory.com\/pl\/wp-json\/wp\/v2\/comments?post=5007"}],"wp:featuredmedia":[{"embeddable":true,"href":"https:\/\/upstreamfactory.com\/pl\/wp-json\/wp\/v2\/media\/5008"}],"wp:attachment":[{"href":"https:\/\/upstreamfactory.com\/pl\/wp-json\/wp\/v2\/media?parent=5007"}],"wp:term":[{"taxonomy":"product_brand","embeddable":true,"href":"https:\/\/upstreamfactory.com\/pl\/wp-json\/wp\/v2\/product_brand?post=5007"},{"taxonomy":"product_cat","embeddable":true,"href":"https:\/\/upstreamfactory.com\/pl\/wp-json\/wp\/v2\/product_cat?post=5007"},{"taxonomy":"product_tag","embeddable":true,"href":"https:\/\/upstreamfactory.com\/pl\/wp-json\/wp\/v2\/product_tag?post=5007"}],"curies":[{"name":"wp","href":"https:\/\/api.w.org\/{rel}","templated":true}]}}