{"id":4925,"date":"2018-11-28T13:35:32","date_gmt":"2018-11-28T13:35:32","guid":{"rendered":"https:\/\/upstreamfactory.com\/pl\/?post_type=product&#038;p=4925"},"modified":"2019-02-07T11:30:31","modified_gmt":"2019-02-07T11:30:31","slug":"kancelaryjne-krzesla-obrotowe","status":"publish","type":"product","link":"https:\/\/upstreamfactory.com\/pl\/product\/kancelaryjne-krzesla-obrotowe\/","title":{"rendered":"Kancelaryjne Krzes\u0142a Obrotowe"},"content":{"rendered":"<p>Kancelaryjne krzes\u0142a obrotowe zosta\u0142y wyprodukowane w Polsce na prze\u0142omie lat 40-tych i 50-tych XX wieku.<\/p>\n","protected":false},"excerpt":{"rendered":"<p><span class=\"categorybreadcrumbs\"><br \/>\nkategoria: <a href=\"https:\/\/upstreamfactory.com\/pl\/furniture\/\">meble<\/a> > <a href=\"https:\/\/upstreamfactory.com\/pl\/various\/\">inne<\/a><br \/>\n<\/span><\/p>\n<p class=\"single-header\">Opis:<\/p>\n<p class=\"single-description\">\nKancelaryjne krzes\u0142a obrotowe zosta\u0142y wyprodukowane w Polsce na prze\u0142omie lat 40-tych i 50-tych XX wieku.<\/p>\n<p class=\"single-header\">Konstrukcja:<\/p>\n<p class=\"single-description\">\nSiedzenie i oparcie wykonane z gi\u0119tego klejonego drewna, nogi &#8211; lite drewno zespolone stalowymi profilami. Du\u017cy zakres regulacji g\u00f3ra-d\u00f3\u0142, dodatkowo specjalna amortyzuj\u0105ca spr\u0119\u017cyna zainstalowana na g\u0142\u00f3wnej osi krzes\u0142a.<\/p>\n<p class=\"single-header\">\nWymiary:\n<\/p>\n<p class=\"single-description\">\nWysoko\u015b\u0107 ca\u0142kowita: 80-90 cm<br \/>\nMaksymalna wysoko\u015b\u0107 od ziemi do siedzenia: 60 cm<br \/>\nMinimalna wysoko\u015b\u0107 od ziemi do siedzenia: 50 cm<br \/>\nSzeroko\u015b\u0107 siedzenia: 40 cm<br \/>\nG\u0142\u0119boko\u015b\u0107 siedzenia: 41 cm<br \/>\nG\u0142\u0119boko\u015b\u0107 ca\u0142kowita: 45 cm<br \/>\nRozstaw n\u00f3g: 55 cm<br \/>\nWaga 1 szt.: 8 kg\n<\/p>\n<p class=\"full-specification\"><a href=\"https:\/\/upstreamfactory.com\/wp-content\/products-pdf\/swivel-chair-pl.pdf\" target=\"_blank\" rel=\"noopener\">Zobacz pe\u0142n\u0105 specyfikacj\u0119<\/a><\/p>\n<p>Cena za komplet 2 szt.<\/p>\n","protected":false},"featured_media":4928,"comment_status":"open","ping_status":"closed","template":"","meta":{"_et_pb_use_builder":"","_et_pb_old_content":"","_et_gb_content_width":""},"product_brand":[],"product_cat":[16,25],"product_tag":[],"class_list":{"0":"post-4925","1":"product","2":"type-product","3":"status-publish","4":"has-post-thumbnail","6":"product_cat-furniture","7":"product_cat-various","9":"first","10":"instock","11":"shipping-taxable","12":"purchasable","13":"product-type-simple"},"_links":{"self":[{"href":"https:\/\/upstreamfactory.com\/pl\/wp-json\/wp\/v2\/product\/4925","targetHints":{"allow":["GET"]}}],"collection":[{"href":"https:\/\/upstreamfactory.com\/pl\/wp-json\/wp\/v2\/product"}],"about":[{"href":"https:\/\/upstreamfactory.com\/pl\/wp-json\/wp\/v2\/types\/product"}],"replies":[{"embeddable":true,"href":"https:\/\/upstreamfactory.com\/pl\/wp-json\/wp\/v2\/comments?post=4925"}],"wp:featuredmedia":[{"embeddable":true,"href":"https:\/\/upstreamfactory.com\/pl\/wp-json\/wp\/v2\/media\/4928"}],"wp:attachment":[{"href":"https:\/\/upstreamfactory.com\/pl\/wp-json\/wp\/v2\/media?parent=4925"}],"wp:term":[{"taxonomy":"product_brand","embeddable":true,"href":"https:\/\/upstreamfactory.com\/pl\/wp-json\/wp\/v2\/product_brand?post=4925"},{"taxonomy":"product_cat","embeddable":true,"href":"https:\/\/upstreamfactory.com\/pl\/wp-json\/wp\/v2\/product_cat?post=4925"},{"taxonomy":"product_tag","embeddable":true,"href":"https:\/\/upstreamfactory.com\/pl\/wp-json\/wp\/v2\/product_tag?post=4925"}],"curies":[{"name":"wp","href":"https:\/\/api.w.org\/{rel}","templated":true}]}}