{"id":4902,"date":"2018-11-23T15:46:50","date_gmt":"2018-11-23T15:46:50","guid":{"rendered":"https:\/\/upstreamfactory.com\/pl\/?post_type=product&#038;p=4902"},"modified":"2019-02-07T11:29:44","modified_gmt":"2019-02-07T11:29:44","slug":"oryginalny-lotniczy-stabilizator-poziomy","status":"publish","type":"product","link":"https:\/\/upstreamfactory.com\/pl\/product\/oryginalny-lotniczy-stabilizator-poziomy\/","title":{"rendered":"Oryginalny Lotniczy Stabilizator Poziomy"},"content":{"rendered":"<p>Stabilizator poziomy pochodzi z helikoptera model Eurocopter.<\/p>\n","protected":false},"excerpt":{"rendered":"<p><span class=\"categorybreadcrumbs\"><br \/>\nkategoria: <a href=\"https:\/\/upstreamfactory.com\/pl\/furniture\/\">meble<\/a> > <a href=\"https:\/\/upstreamfactory.com\/pl\/various\/\">inne<\/a><br \/>\n<\/span><\/p>\n<p class=\"single-header\">Opis:<\/p>\n<p class=\"single-description\">\nStabilizator poziomy pochodzi z helikoptera model Eurocopter.<\/p>\n<p class=\"single-header\">Konstrukcja:<\/p>\n<p class=\"single-description\">\nWykonany z lekkiego aluminium lotniczego, ca\u0142a konstrukcja zespolona na nity. Idealny materia\u0142 do budowy sto\u0142u lub p\u00f3\u0142ki w lotniczym designie lub jako element dekoracyjny.<\/p>\n<p class=\"single-header\">\nWymiary:\n<\/p>\n<p class=\"single-description\">\nWysoko\u015b\u0107: 197 cm<br \/>\nSzeroko\u015b\u0107: 40 cm<br \/>\nGrubo\u015b\u0107 w najszerszym miejscu: 4 cm<br \/>\nWaga: 7 kg\n<\/p>\n<p class=\"full-specification\"><a href=\"https:\/\/upstreamfactory.com\/wp-content\/products-pdf\/eurocopter-pl.pdf\" target=\"_blank\" rel=\"noopener\">Zobacz pe\u0142n\u0105 specyfikacj\u0119<\/a><\/p>\n","protected":false},"featured_media":4903,"comment_status":"open","ping_status":"closed","template":"","meta":{"_et_pb_use_builder":"","_et_pb_old_content":"","_et_gb_content_width":""},"product_brand":[],"product_cat":[16,25],"product_tag":[],"class_list":{"0":"post-4902","1":"product","2":"type-product","3":"status-publish","4":"has-post-thumbnail","6":"product_cat-furniture","7":"product_cat-various","9":"first","10":"instock","11":"shipping-taxable","12":"purchasable","13":"product-type-simple"},"_links":{"self":[{"href":"https:\/\/upstreamfactory.com\/pl\/wp-json\/wp\/v2\/product\/4902","targetHints":{"allow":["GET"]}}],"collection":[{"href":"https:\/\/upstreamfactory.com\/pl\/wp-json\/wp\/v2\/product"}],"about":[{"href":"https:\/\/upstreamfactory.com\/pl\/wp-json\/wp\/v2\/types\/product"}],"replies":[{"embeddable":true,"href":"https:\/\/upstreamfactory.com\/pl\/wp-json\/wp\/v2\/comments?post=4902"}],"wp:featuredmedia":[{"embeddable":true,"href":"https:\/\/upstreamfactory.com\/pl\/wp-json\/wp\/v2\/media\/4903"}],"wp:attachment":[{"href":"https:\/\/upstreamfactory.com\/pl\/wp-json\/wp\/v2\/media?parent=4902"}],"wp:term":[{"taxonomy":"product_brand","embeddable":true,"href":"https:\/\/upstreamfactory.com\/pl\/wp-json\/wp\/v2\/product_brand?post=4902"},{"taxonomy":"product_cat","embeddable":true,"href":"https:\/\/upstreamfactory.com\/pl\/wp-json\/wp\/v2\/product_cat?post=4902"},{"taxonomy":"product_tag","embeddable":true,"href":"https:\/\/upstreamfactory.com\/pl\/wp-json\/wp\/v2\/product_tag?post=4902"}],"curies":[{"name":"wp","href":"https:\/\/api.w.org\/{rel}","templated":true}]}}