{"id":4894,"date":"2018-11-23T15:14:34","date_gmt":"2018-11-23T15:14:34","guid":{"rendered":"https:\/\/upstreamfactory.com\/pl\/?post_type=product&#038;p=4894"},"modified":"2019-02-07T11:29:25","modified_gmt":"2019-02-07T11:29:25","slug":"fabryczna-podstawa-maszyny","status":"publish","type":"product","link":"https:\/\/upstreamfactory.com\/pl\/product\/fabryczna-podstawa-maszyny\/","title":{"rendered":"Fabryczna Podstawa Maszyny"},"content":{"rendered":"<p>Oryginalny \u017celiwny komplet n\u00f3g z lat 20-tych XX wieku stanowi\u0105cy podstaw\u0119 maszyny.<\/p>\n","protected":false},"excerpt":{"rendered":"<p><span class=\"categorybreadcrumbs\"><br \/>\nkategoria: <a href=\"https:\/\/upstreamfactory.com\/pl\/furniture\/\">meble<\/a> > <a href=\"https:\/\/upstreamfactory.com\/pl\/various\/\">inne<\/a><br \/>\n<\/span><\/p>\n<p class=\"single-header\">Opis:<\/p>\n<p class=\"single-description\">\nOryginalny \u017celiwny komplet n\u00f3g z lat 20-tych XX wieku stanowi\u0105cy podstaw\u0119 maszyny.<br \/>\nPierwotnie dla pe\u0142nego ustabilizowania konstrukcji nogi zespolone by\u0142y pi\u0119cioma stalowymi pr\u0119tami zako\u0144czonymi gwintem z nakr\u0119tkami, w stopach znajduj\u0105 si\u0119 p\u00f3\u0142okr\u0105g\u0142e wpusty stwarzaj\u0105ce mo\u017cliwo\u015b\u0107 monta\u017cu do pod\u0142o\u017ca za pomoc\u0105 \u015brub.<\/p>\n<p class=\"single-header\">Zakres renowacji:<\/p>\n<p class=\"single-description\">\n\u017beliwne odlewy zosta\u0142y poddane procesowi piaskowania a nast\u0119pnie pokryte warstw\u0105 proszkowego podk\u0142adu cynkowego i warstw\u0105 lakieru nawierzchniowego RAL 7016. Jest to idealny materia\u0142 do budowy sto\u0142u w stylu industrialnym zar\u00f3wno do domu jak i do ogrodu.<\/p>\n<p class=\"single-header\">\nWymiary:\n<\/p>\n<p class=\"single-description\">\nWysoko\u015b\u0107: 75 cm<br \/>\nGrubo\u015b\u0107 nogi na odcinku pomi\u0119dzy stop\u0105 a podstaw\u0105: 4,5 cm<br \/>\nZewn\u0119trzny rozstaw n\u00f3g: 67 cm<br \/>\nWaga 1 szt.: 26 kg\n<\/p>\n<p class=\"full-specification\"><a href=\"https:\/\/upstreamfactory.com\/wp-content\/products-pdf\/factory-basis-pl.pdf\" target=\"_blank\" rel=\"noopener\">Zobacz pe\u0142n\u0105 specyfikacj\u0119<\/a><\/p>\n<p>Cena za komplet 2 szt.<\/p>\n","protected":false},"featured_media":4895,"comment_status":"open","ping_status":"closed","template":"","meta":{"_et_pb_use_builder":"","_et_pb_old_content":"","_et_gb_content_width":""},"product_brand":[],"product_cat":[16,25],"product_tag":[],"class_list":{"0":"post-4894","1":"product","2":"type-product","3":"status-publish","4":"has-post-thumbnail","6":"product_cat-furniture","7":"product_cat-various","9":"first","10":"instock","11":"shipping-taxable","12":"purchasable","13":"product-type-simple"},"_links":{"self":[{"href":"https:\/\/upstreamfactory.com\/pl\/wp-json\/wp\/v2\/product\/4894","targetHints":{"allow":["GET"]}}],"collection":[{"href":"https:\/\/upstreamfactory.com\/pl\/wp-json\/wp\/v2\/product"}],"about":[{"href":"https:\/\/upstreamfactory.com\/pl\/wp-json\/wp\/v2\/types\/product"}],"replies":[{"embeddable":true,"href":"https:\/\/upstreamfactory.com\/pl\/wp-json\/wp\/v2\/comments?post=4894"}],"wp:featuredmedia":[{"embeddable":true,"href":"https:\/\/upstreamfactory.com\/pl\/wp-json\/wp\/v2\/media\/4895"}],"wp:attachment":[{"href":"https:\/\/upstreamfactory.com\/pl\/wp-json\/wp\/v2\/media?parent=4894"}],"wp:term":[{"taxonomy":"product_brand","embeddable":true,"href":"https:\/\/upstreamfactory.com\/pl\/wp-json\/wp\/v2\/product_brand?post=4894"},{"taxonomy":"product_cat","embeddable":true,"href":"https:\/\/upstreamfactory.com\/pl\/wp-json\/wp\/v2\/product_cat?post=4894"},{"taxonomy":"product_tag","embeddable":true,"href":"https:\/\/upstreamfactory.com\/pl\/wp-json\/wp\/v2\/product_tag?post=4894"}],"curies":[{"name":"wp","href":"https:\/\/api.w.org\/{rel}","templated":true}]}}