{"id":4676,"date":"2018-11-07T11:06:14","date_gmt":"2018-11-07T11:06:14","guid":{"rendered":"https:\/\/upstreamfactory.com\/pl\/?post_type=product&#038;p=4676"},"modified":"2019-02-07T11:27:14","modified_gmt":"2019-02-07T11:27:14","slug":"obrotowy-stolek-medyczny","status":"publish","type":"product","link":"https:\/\/upstreamfactory.com\/pl\/product\/obrotowy-stolek-medyczny\/","title":{"rendered":"Obrotowy Sto\u0142ek Medyczny"},"content":{"rendered":"<p>Klasyczny obrotowy sto\u0142ek medyczny z regulowan\u0105 wysoko\u015bci\u0105 siedzenia.<\/p>\n","protected":false},"excerpt":{"rendered":"<p><span class=\"categorybreadcrumbs\"><br \/>\nkategoria: <a href=\"https:\/\/upstreamfactory.com\/pl\/furniture\/\">meble<\/a> > <a href=\"https:\/\/upstreamfactory.com\/pl\/various\/\">inne<\/a><br \/>\n<\/span><\/p>\n<p class=\"single-header\">Opis:<\/p>\n<p class=\"single-description\">\nKlasyczny obrotowy sto\u0142ek medyczny z regulowan\u0105 wysoko\u015bci\u0105 siedzenia.<\/p>\n<p class=\"single-description\">\n<i>Produkcja: lata 60-te<\/i><\/p>\n<p class=\"single-header\">Konstrukcja:<\/p>\n<p class=\"single-description\">\nKonstrukcja stalowa spawana, siedzenie blacha t\u0142oczona, regulacja wysoko\u015bci &#8211; gwintowana sztyca.\n<\/p>\n<p class=\"single-header\">Zakres renowacji:<\/p>\n<p class=\"single-description\">\nSto\u0142ek zosta\u0142 poddany procesowi piaskowania, g\u00f3rna powierzchnia siedzenia wyszlifowana a nast\u0119pnie ca\u0142o\u015b\u0107 pokryta matowym lakierem bezbarwnym.\n<\/p>\n<p class=\"single-header\">\nWymiary:\n<\/p>\n<p class=\"single-description\">\nWysoko\u015b\u0107 minimalna: 47 cm<br \/>\nWysoko\u015b\u0107 maksymalna: 64 cm<br \/>\n\u015arednica siedzenia: 35 cm<br \/>\nRozstaw n\u00f3g: 37 cm<br \/>\nWaga: 5 kg\n<\/p>\n<p class=\"full-specification\"><a href=\"https:\/\/upstreamfactory.com\/wp-content\/products-pdf\/swivel-med-stool-pl.pdf\" target=\"_blank\" rel=\"noopener\">Zobacz pe\u0142n\u0105 specyfikacj\u0119<\/a><\/p>\n","protected":false},"featured_media":4677,"comment_status":"open","ping_status":"closed","template":"","meta":{"_et_pb_use_builder":"","_et_pb_old_content":"","_et_gb_content_width":""},"product_brand":[],"product_cat":[16,25],"product_tag":[],"class_list":{"0":"post-4676","1":"product","2":"type-product","3":"status-publish","4":"has-post-thumbnail","6":"product_cat-furniture","7":"product_cat-various","9":"first","10":"instock","11":"shipping-taxable","12":"purchasable","13":"product-type-simple"},"_links":{"self":[{"href":"https:\/\/upstreamfactory.com\/pl\/wp-json\/wp\/v2\/product\/4676","targetHints":{"allow":["GET"]}}],"collection":[{"href":"https:\/\/upstreamfactory.com\/pl\/wp-json\/wp\/v2\/product"}],"about":[{"href":"https:\/\/upstreamfactory.com\/pl\/wp-json\/wp\/v2\/types\/product"}],"replies":[{"embeddable":true,"href":"https:\/\/upstreamfactory.com\/pl\/wp-json\/wp\/v2\/comments?post=4676"}],"wp:featuredmedia":[{"embeddable":true,"href":"https:\/\/upstreamfactory.com\/pl\/wp-json\/wp\/v2\/media\/4677"}],"wp:attachment":[{"href":"https:\/\/upstreamfactory.com\/pl\/wp-json\/wp\/v2\/media?parent=4676"}],"wp:term":[{"taxonomy":"product_brand","embeddable":true,"href":"https:\/\/upstreamfactory.com\/pl\/wp-json\/wp\/v2\/product_brand?post=4676"},{"taxonomy":"product_cat","embeddable":true,"href":"https:\/\/upstreamfactory.com\/pl\/wp-json\/wp\/v2\/product_cat?post=4676"},{"taxonomy":"product_tag","embeddable":true,"href":"https:\/\/upstreamfactory.com\/pl\/wp-json\/wp\/v2\/product_tag?post=4676"}],"curies":[{"name":"wp","href":"https:\/\/api.w.org\/{rel}","templated":true}]}}