{"id":4598,"date":"2018-10-19T13:11:38","date_gmt":"2018-10-19T13:11:38","guid":{"rendered":"https:\/\/upstreamfactory.com\/pl\/?post_type=product&#038;p=4598"},"modified":"2019-02-07T11:26:08","modified_gmt":"2019-02-07T11:26:08","slug":"lopata-tylnego-wirnika-helikoptera-mi-8","status":"publish","type":"product","link":"https:\/\/upstreamfactory.com\/pl\/product\/lopata-tylnego-wirnika-helikoptera-mi-8\/","title":{"rendered":"\u0141opata Tylnego Wirnika Helikoptera MI 8"},"content":{"rendered":"<p>Oryginalna \u0142opata tylnego wirnika rosyjskiego wielozadaniowego helikoptera MI 8. Produkcj\u0119 tego modelu rozpocz\u0119to na pocz\u0105tku lat 60-tych i jest to pierwsza generacja \u0142opat tego typu stosowana w modelu MI 8. Ka\u017cdy egzemplarz posiada sw\u00f3j indywidualny numer seryjny.<\/p>\n","protected":false},"excerpt":{"rendered":"<p><span class=\"categorybreadcrumbs\"><br \/>\nkategoria: <a href=\"https:\/\/upstreamfactory.com\/pl\/decorative-objects\/\">przedmioty dekoracyjne<\/a> > <a href=\"https:\/\/upstreamfactory.com\/pl\/other-do\/\">inne<\/a><br \/>\n<\/span><\/p>\n<p class=\"single-header\">Opis:<\/p>\n<p class=\"single-description\">\nOryginalna \u0142opata tylnego wirnika rosyjskiego wielozadaniowego helikoptera MI 8.\n<\/p>\n<p class=\"single-header\">Konstrukcja:<\/p>\n<p class=\"single-description\">\nProdukcj\u0119 tego modelu rozpocz\u0119to na pocz\u0105tku lat 60-tych i jest to pierwsza generacja \u0142opat tego typu stosowana w modelu MI 8. Ka\u017cdy egzemplarz posiada sw\u00f3j indywidualny numer seryjny.\n<\/p>\n<p class=\"single-description\">\nUwaga:<br \/>\nOferowane \u0142opaty nosz\u0105 normalne \u015blady eksploatacyjne, na oryginalnym lakierze rysy, przebarwienia koloru, czasami niewielkie wgniecenia. Przedmioty do wysy\u0142ki wybieramy losowo.<\/p>\n<p class=\"single-header\"> Wymiary:<\/p>\n<p class=\"single-description\">\nD\u0142ugo\u015b\u0107 ca\u0142kowita: 174 cm<br \/>\nSzeroko\u015b\u0107: 27,3 cm<br \/>\nMaksymalna grubo\u015b\u0107 \u0142opaty: 2 cm<br \/>\nGrubo\u015b\u0107 uchwytu: 6 cm<br \/>\nWaga: 13 kg\n<\/p>\n<p class=\"full-specification\"><a href=\"https:\/\/upstreamfactory.com\/wp-content\/products-pdf\/mi-8-rotor-blade-pl.pdf\" target=\"_blank\" rel=\"noopener\">Zobacz pe\u0142n\u0105 specyfikacj\u0119<\/a><\/p>\n","protected":false},"featured_media":4599,"comment_status":"open","ping_status":"closed","template":"","meta":{"_et_pb_use_builder":"","_et_pb_old_content":"","_et_gb_content_width":""},"product_brand":[],"product_cat":[43,46],"product_tag":[],"class_list":{"0":"post-4598","1":"product","2":"type-product","3":"status-publish","4":"has-post-thumbnail","6":"product_cat-decorative-objects","7":"product_cat-other-do","9":"first","10":"instock","11":"shipping-taxable","12":"purchasable","13":"product-type-simple"},"_links":{"self":[{"href":"https:\/\/upstreamfactory.com\/pl\/wp-json\/wp\/v2\/product\/4598","targetHints":{"allow":["GET"]}}],"collection":[{"href":"https:\/\/upstreamfactory.com\/pl\/wp-json\/wp\/v2\/product"}],"about":[{"href":"https:\/\/upstreamfactory.com\/pl\/wp-json\/wp\/v2\/types\/product"}],"replies":[{"embeddable":true,"href":"https:\/\/upstreamfactory.com\/pl\/wp-json\/wp\/v2\/comments?post=4598"}],"wp:featuredmedia":[{"embeddable":true,"href":"https:\/\/upstreamfactory.com\/pl\/wp-json\/wp\/v2\/media\/4599"}],"wp:attachment":[{"href":"https:\/\/upstreamfactory.com\/pl\/wp-json\/wp\/v2\/media?parent=4598"}],"wp:term":[{"taxonomy":"product_brand","embeddable":true,"href":"https:\/\/upstreamfactory.com\/pl\/wp-json\/wp\/v2\/product_brand?post=4598"},{"taxonomy":"product_cat","embeddable":true,"href":"https:\/\/upstreamfactory.com\/pl\/wp-json\/wp\/v2\/product_cat?post=4598"},{"taxonomy":"product_tag","embeddable":true,"href":"https:\/\/upstreamfactory.com\/pl\/wp-json\/wp\/v2\/product_tag?post=4598"}],"curies":[{"name":"wp","href":"https:\/\/api.w.org\/{rel}","templated":true}]}}