{"id":4385,"date":"2018-10-10T11:11:44","date_gmt":"2018-10-10T11:11:44","guid":{"rendered":"https:\/\/upstreamfactory.com\/pl\/?post_type=product&#038;p=4385"},"modified":"2019-02-07T11:20:13","modified_gmt":"2019-02-07T11:20:13","slug":"przemyslowa-centralka-telefoniczna-model-cb-5","status":"publish","type":"product","link":"https:\/\/upstreamfactory.com\/pl\/product\/przemyslowa-centralka-telefoniczna-model-cb-5\/","title":{"rendered":"Przemys\u0142owa Centralka Telefoniczna Model CB-5"},"content":{"rendered":"<p>Analogowa \u0142\u0105cznica telefoniczna z lat 60-tych XX wieku u\u017cywana w zak\u0142adach pracy i r\u00f3\u017cnego rodzaju instytucjach, w kt\u00f3rych funkcjonowa\u0142a wewn\u0119trzna linia telefoniczna. Oferowany model obs\u0142ugiwa\u0142 maksymalnie pi\u0119\u0107 linii.<\/p>\n","protected":false},"excerpt":{"rendered":"<p><span class=\"categorybreadcrumbs\"><br \/>\nkategoria: <a href=\"https:\/\/upstreamfactory.com\/pl\/decorative-objects\/\">przedmioty dekoracyjne<\/a> > <a href=\"https:\/\/upstreamfactory.com\/pl\/other-do\/\">inne<\/a><br \/>\n<\/span><\/p>\n<p class=\"single-header\">Opis:<\/p>\n<p class=\"single-description\">\nAnalogowa \u0142\u0105cznica telefoniczna z lat 60-tych XX wieku u\u017cywana w zak\u0142adach pracy i r\u00f3\u017cnego rodzaju instytucjach, w kt\u00f3rych funkcjonowa\u0142a wewn\u0119trzna linia telefoniczna. Oferowany model obs\u0142ugiwa\u0142 maksymalnie pi\u0119\u0107 linii.\n<\/p>\n<p class=\"single-description\">\n<i>Producent: Gda\u0144skie Zak\u0142ady Teletechniczne<\/i><br \/>\n<i>Rok produkcji: 1969<\/i>\n<\/p>\n<p class=\"single-header\">Konstrukcja:<\/p>\n<p class=\"single-description\">\nObudowa \u0142\u0105cznicy wykonana z lakierowanego drewna, stalowy przedni korpus w drewnianej ramie na zawiasach zawiera tarcz\u0119 numerow\u0105, prze\u0142\u0105czniki, kontrolki, uchylne numerowane klapki informuj\u0105ce o po\u0142\u0105czeniach telefonicznych i gniazda z wtykami do poszczeg\u00f3lnych linii.<br \/>\nZ prawej strony znajduje si\u0119 korbka indukcyjna, za\u015b z lewej s\u0142uchawka. Wewn\u0105trz kompletny uk\u0142ad elektryczno-mechaniczny. Komplet oryginalnych przewod\u00f3w w bawe\u0142nianych oplotach. Mo\u017cliwo\u015b\u0107 postawienia lub powieszenia.\n<\/p>\n<p class=\"single-header\"> Wymiary:<\/p>\n<p class=\"single-description\">\nWysoko\u015b\u0107: 40 cm<br \/>\nSzeroko\u015b\u0107: 28 cm<br \/>\nG\u0142\u0119boko\u015b\u0107 obudowy bez wtyczek: 21 cm<br \/>\nWaga: 11 kg\n<\/p>\n<p class=\"full-specification\"><a href=\"https:\/\/upstreamfactory.com\/wp-content\/products-pdf\/tel-cb-5-pl.pdf\" target=\"_blank\" rel=\"noopener\">Zobacz pe\u0142n\u0105 specyfikacj\u0119<\/a><\/p>\n","protected":false},"featured_media":4386,"comment_status":"open","ping_status":"closed","template":"","meta":{"_et_pb_use_builder":"","_et_pb_old_content":"","_et_gb_content_width":""},"product_brand":[],"product_cat":[43,46],"product_tag":[],"class_list":{"0":"post-4385","1":"product","2":"type-product","3":"status-publish","4":"has-post-thumbnail","6":"product_cat-decorative-objects","7":"product_cat-other-do","9":"first","10":"instock","11":"shipping-taxable","12":"purchasable","13":"product-type-simple"},"_links":{"self":[{"href":"https:\/\/upstreamfactory.com\/pl\/wp-json\/wp\/v2\/product\/4385","targetHints":{"allow":["GET"]}}],"collection":[{"href":"https:\/\/upstreamfactory.com\/pl\/wp-json\/wp\/v2\/product"}],"about":[{"href":"https:\/\/upstreamfactory.com\/pl\/wp-json\/wp\/v2\/types\/product"}],"replies":[{"embeddable":true,"href":"https:\/\/upstreamfactory.com\/pl\/wp-json\/wp\/v2\/comments?post=4385"}],"wp:featuredmedia":[{"embeddable":true,"href":"https:\/\/upstreamfactory.com\/pl\/wp-json\/wp\/v2\/media\/4386"}],"wp:attachment":[{"href":"https:\/\/upstreamfactory.com\/pl\/wp-json\/wp\/v2\/media?parent=4385"}],"wp:term":[{"taxonomy":"product_brand","embeddable":true,"href":"https:\/\/upstreamfactory.com\/pl\/wp-json\/wp\/v2\/product_brand?post=4385"},{"taxonomy":"product_cat","embeddable":true,"href":"https:\/\/upstreamfactory.com\/pl\/wp-json\/wp\/v2\/product_cat?post=4385"},{"taxonomy":"product_tag","embeddable":true,"href":"https:\/\/upstreamfactory.com\/pl\/wp-json\/wp\/v2\/product_tag?post=4385"}],"curies":[{"name":"wp","href":"https:\/\/api.w.org\/{rel}","templated":true}]}}