{"id":4337,"date":"2018-10-09T13:45:21","date_gmt":"2018-10-09T13:45:21","guid":{"rendered":"https:\/\/upstreamfactory.com\/pl\/?post_type=product&#038;p=4337"},"modified":"2019-02-07T11:18:58","modified_gmt":"2019-02-07T11:18:58","slug":"drzwi-ewakuacyjne-z-samolotu-c-160","status":"publish","type":"product","link":"https:\/\/upstreamfactory.com\/pl\/product\/drzwi-ewakuacyjne-z-samolotu-c-160\/","title":{"rendered":"Drzwi Ewakuacyjne z Samolotu C-160"},"content":{"rendered":"<p>Oryginalne drzwi ewakuacyjne z wojskowego samolotu transportowego TRANSALL C-160 produkowanego w latach 1963-1985 i b\u0119d\u0105cego na wyposa\u017ceniu si\u0142 powietrznych Francji, Niemiec i Turcji.<\/p>\n","protected":false},"excerpt":{"rendered":"<p><span class=\"categorybreadcrumbs\"><br \/>\nkategoria: <a href=\"https:\/\/upstreamfactory.com\/pl\/furniture\/\">meble<\/a> > <a href=\"https:\/\/upstreamfactory.com\/pl\/various\/\">inne<\/a><br \/>\n<\/span><\/p>\n<p class=\"single-header\">Opis:<\/p>\n<p class=\"single-description\">\nOryginalne drzwi ewakuacyjne z wojskowego samolotu transportowego TRANSALL C-160 produkowanego w latach 1963-1985 i b\u0119d\u0105cego na wyposa\u017ceniu si\u0142 powietrznych Francji, Niemiec i Turcji.\n<\/p>\n<p class=\"single-description\">\n<i>Producent: VFW Fokker<\/i><br \/>\n<i>Rok produkcji: 1973<\/i>\n<\/p>\n<p class=\"single-header\">\nKonstrukcja:\n<\/p>\n<p class=\"single-description\">\nDrzwi o p\u00f3\u0142wypuk\u0142ym profilu wykonane zosta\u0142y z lekkiego lotniczego aluminium, boczne zamki otwierane za pomoc\u0105 d\u017awigni znajduj\u0105cej si\u0119 od strony zewn\u0119trznej i wewn\u0119trznej, dodatkowo 4 szt. rygli bezpiecze\u0144stwa. Strona wewn\u0119trzna wy\u0142o\u017cona specjalnym poszyciem z odblaskowymi naklejkami informacyjnymi, w g\u00f3rnej cz\u0119\u015bci znajduje si\u0119 okno z przys\u0142on\u0105. Zamki i rygle sprawne.\n<\/p>\n<p class=\"single-header\">\nWymiary:\n<\/p>\n<p class=\"single-description\">\nWysoko\u015b\u0107: 195 cm<br \/>\nSzeroko\u015b\u0107: 92,5 cm<br \/>\nGrubo\u015b\u0107: 10 cm<br \/>\n\u015arednica okna: 38 cm<br \/>\nWaga: 33 kg\n<\/p>\n<p class=\"full-specification\"><a target=\"_blank\" href=\"https:\/\/upstreamfactory.com\/wp-content\/products-pdf\/c-160-door-pl.pdf\">Zobacz pe\u0142n\u0105 specyfikacj\u0119<\/a><\/p>\n","protected":false},"featured_media":4338,"comment_status":"open","ping_status":"closed","template":"","meta":{"_et_pb_use_builder":"","_et_pb_old_content":"","_et_gb_content_width":""},"product_brand":[],"product_cat":[16,25],"product_tag":[],"class_list":{"0":"post-4337","1":"product","2":"type-product","3":"status-publish","4":"has-post-thumbnail","6":"product_cat-furniture","7":"product_cat-various","9":"first","10":"instock","11":"shipping-taxable","12":"purchasable","13":"product-type-simple"},"_links":{"self":[{"href":"https:\/\/upstreamfactory.com\/pl\/wp-json\/wp\/v2\/product\/4337","targetHints":{"allow":["GET"]}}],"collection":[{"href":"https:\/\/upstreamfactory.com\/pl\/wp-json\/wp\/v2\/product"}],"about":[{"href":"https:\/\/upstreamfactory.com\/pl\/wp-json\/wp\/v2\/types\/product"}],"replies":[{"embeddable":true,"href":"https:\/\/upstreamfactory.com\/pl\/wp-json\/wp\/v2\/comments?post=4337"}],"wp:featuredmedia":[{"embeddable":true,"href":"https:\/\/upstreamfactory.com\/pl\/wp-json\/wp\/v2\/media\/4338"}],"wp:attachment":[{"href":"https:\/\/upstreamfactory.com\/pl\/wp-json\/wp\/v2\/media?parent=4337"}],"wp:term":[{"taxonomy":"product_brand","embeddable":true,"href":"https:\/\/upstreamfactory.com\/pl\/wp-json\/wp\/v2\/product_brand?post=4337"},{"taxonomy":"product_cat","embeddable":true,"href":"https:\/\/upstreamfactory.com\/pl\/wp-json\/wp\/v2\/product_cat?post=4337"},{"taxonomy":"product_tag","embeddable":true,"href":"https:\/\/upstreamfactory.com\/pl\/wp-json\/wp\/v2\/product_tag?post=4337"}],"curies":[{"name":"wp","href":"https:\/\/api.w.org\/{rel}","templated":true}]}}