{"id":4304,"date":"2018-10-08T14:47:56","date_gmt":"2018-10-08T14:47:56","guid":{"rendered":"https:\/\/upstreamfactory.com\/pl\/?post_type=product&#038;p=4304"},"modified":"2019-02-07T11:17:14","modified_gmt":"2019-02-07T11:17:14","slug":"stalowo-drewniane-kolo-sterowe","status":"publish","type":"product","link":"https:\/\/upstreamfactory.com\/pl\/product\/stalowo-drewniane-kolo-sterowe\/","title":{"rendered":"Stalowo-Drewniane Ko\u0142o Sterowe"},"content":{"rendered":"<p>Oryginalne zabytkowe ko\u0142o sterowe z kutra rybackiego lub statku.<\/p>\n","protected":false},"excerpt":{"rendered":"<p><span class=\"categorybreadcrumbs\"><br \/>\nkategoria: <a href=\"https:\/\/upstreamfactory.com\/pl\/decorative-objects\/\">przedmioty dekoracyjne<\/a> > <a href=\"https:\/\/upstreamfactory.com\/pl\/other-do\/\">inne<\/a><br \/>\n<\/span><\/p>\n<p class=\"single-header\">Opis:<\/p>\n<p class=\"single-description\">\nOryginalne zabytkowe ko\u0142o sterowe z kutra rybackiego lub statku.<\/p>\n<p class=\"single-header\">Konstrukcja:<\/p>\n<p class=\"single-description\">\nKonstrukcja stalowa, wewn\u0105trz ramy ko\u0142a profilowane drewno, obr\u0119cze skr\u0119cane na \u015bruby. Zachowane resztki oryginalnej farby, ca\u0142o\u015b\u0107 pokryta pi\u0119kn\u0105 patyn\u0105 czasu.<\/p>\n<p class=\"single-header\"> Wymiary:<\/p>\n<p class=\"single-description\">\n\u015arednica zewn\u0119trzna: 70 cm<br \/>\n\u015arednica ramy: 49 cm<br \/>\nGrubo\u015b\u0107: 3,8 cm<br \/>\nWysoko\u015b\u0107 elementu monta\u017cowego: 7,5 cm<br \/>\n\u015arednica zewn\u0119trzna elementu monta\u017cowego: 7,5 cm<br \/>\nWaga: 13,2 kg\n<\/p>\n<p class=\"full-specification\"><a href=\"https:\/\/upstreamfactory.com\/wp-content\/products-pdf\/ships-wheel-pl.pdf\" target=\"_blank\" rel=\"noopener\">Zobacz pe\u0142n\u0105 specyfikacj\u0119<\/a><\/p>\n","protected":false},"featured_media":4305,"comment_status":"open","ping_status":"closed","template":"","meta":{"_et_pb_use_builder":"","_et_pb_old_content":"","_et_gb_content_width":""},"product_brand":[],"product_cat":[43,46],"product_tag":[],"class_list":{"0":"post-4304","1":"product","2":"type-product","3":"status-publish","4":"has-post-thumbnail","6":"product_cat-decorative-objects","7":"product_cat-other-do","9":"first","10":"instock","11":"shipping-taxable","12":"purchasable","13":"product-type-simple"},"_links":{"self":[{"href":"https:\/\/upstreamfactory.com\/pl\/wp-json\/wp\/v2\/product\/4304","targetHints":{"allow":["GET"]}}],"collection":[{"href":"https:\/\/upstreamfactory.com\/pl\/wp-json\/wp\/v2\/product"}],"about":[{"href":"https:\/\/upstreamfactory.com\/pl\/wp-json\/wp\/v2\/types\/product"}],"replies":[{"embeddable":true,"href":"https:\/\/upstreamfactory.com\/pl\/wp-json\/wp\/v2\/comments?post=4304"}],"wp:featuredmedia":[{"embeddable":true,"href":"https:\/\/upstreamfactory.com\/pl\/wp-json\/wp\/v2\/media\/4305"}],"wp:attachment":[{"href":"https:\/\/upstreamfactory.com\/pl\/wp-json\/wp\/v2\/media?parent=4304"}],"wp:term":[{"taxonomy":"product_brand","embeddable":true,"href":"https:\/\/upstreamfactory.com\/pl\/wp-json\/wp\/v2\/product_brand?post=4304"},{"taxonomy":"product_cat","embeddable":true,"href":"https:\/\/upstreamfactory.com\/pl\/wp-json\/wp\/v2\/product_cat?post=4304"},{"taxonomy":"product_tag","embeddable":true,"href":"https:\/\/upstreamfactory.com\/pl\/wp-json\/wp\/v2\/product_tag?post=4304"}],"curies":[{"name":"wp","href":"https:\/\/api.w.org\/{rel}","templated":true}]}}