{"id":3753,"date":"2018-04-04T12:05:33","date_gmt":"2018-04-04T12:05:33","guid":{"rendered":"https:\/\/upstreamfactory.com\/pl\/?post_type=product&#038;p=3753"},"modified":"2018-12-20T11:20:47","modified_gmt":"2018-12-20T11:20:47","slug":"dwuskrzydlowe-drzwi-do-windy-towarowej","status":"publish","type":"product","link":"https:\/\/upstreamfactory.com\/pl\/product\/dwuskrzydlowe-drzwi-do-windy-towarowej\/","title":{"rendered":"Dwuskrzyd\u0142owe drzwi do windy towarowej"},"content":{"rendered":"<p>Oryginalne drzwi do fabrycznej\/magazynowej windy towarowej. Konstrukcja stalowa spawana, drzwi wyposa\u017cone w sprawny zamek i dodatkowe rygle. O\u015bcie\u017cnica w komplecie. <\/p>\n","protected":false},"excerpt":{"rendered":"<p><span class=\"categorybreadcrumbs\"><br \/>\nkategoria: <a href=\"https:\/\/upstreamfactory.com\/pl\/furniture\/\">meble<\/a> > <a href=\"https:\/\/upstreamfactory.com\/pl\/various\/\">inne<\/a><br \/>\n<\/span><\/p>\n<p class=\"single-header\">Opis:<\/p>\n<p class=\"single-description\">\nOryginalne drzwi do fabrycznej\/magazynowej windy towarowej. Konstrukcja stalowa spawana, drzwi wyposa\u017cone w sprawny zamek i dodatkowe rygle. O\u015bcie\u017cnica w komplecie.\n<\/p>\n<p class=\"single-description\">\nGotowe do monta\u017cu. Lata 50-te XX wieku.\n<\/p>\n<p class=\"single-header\">\nOpis renowacji:\n<\/p>\n<p class=\"single-description\">\nDrzwi wraz z oscie\u017cnic\u0105 poddane zosta\u0142y procesowi piaskowania a nast\u0119pnie pokryte podk\u0142adow\u0105 farb\u0105 antykorozyjn\u0105.\n<\/p>\n<p class=\"single-header\">\nWymiary:\n<\/p>\n<p class=\"single-description\">\nWysoko\u015b\u0107 drzwi: 199 cm (jedno skrzyd\u0142o)<br \/>\nSzeroko\u015b\u0107 drzwi: 74.5 cm (jedno skrzyd\u0142o)<br \/>\nGrubo\u015b\u0107 drzwi: 5 cm<br \/>\nWymiary zewn\u0119trzne o\u015bcie\u017cnicy:<br \/>\nWysoko\u015b\u0107: 214, 5 cm<br \/>\nSzeroko\u015b\u0107: 161 cm\n<\/p>\n<p class=\"full-specification\"><a target=\"_blank\" href=\"https:\/\/upstreamfactory.com\/wp-content\/products-pdf\/WINDA_DRZWI_PL.pdf\">Zobacz pe\u0142n\u0105 specyfikacj\u0119 (\u0142\u0105cznie ze szczeg\u00f3\u0142ami renowacji)<\/a><\/p>\n","protected":false},"featured_media":3748,"comment_status":"open","ping_status":"closed","template":"","meta":{"_et_pb_use_builder":"","_et_pb_old_content":"","_et_gb_content_width":""},"product_brand":[],"product_cat":[16,25],"product_tag":[],"class_list":{"0":"post-3753","1":"product","2":"type-product","3":"status-publish","4":"has-post-thumbnail","6":"product_cat-furniture","7":"product_cat-various","9":"first","10":"instock","11":"shipping-taxable","12":"purchasable","13":"product-type-simple"},"_links":{"self":[{"href":"https:\/\/upstreamfactory.com\/pl\/wp-json\/wp\/v2\/product\/3753","targetHints":{"allow":["GET"]}}],"collection":[{"href":"https:\/\/upstreamfactory.com\/pl\/wp-json\/wp\/v2\/product"}],"about":[{"href":"https:\/\/upstreamfactory.com\/pl\/wp-json\/wp\/v2\/types\/product"}],"replies":[{"embeddable":true,"href":"https:\/\/upstreamfactory.com\/pl\/wp-json\/wp\/v2\/comments?post=3753"}],"wp:featuredmedia":[{"embeddable":true,"href":"https:\/\/upstreamfactory.com\/pl\/wp-json\/wp\/v2\/media\/3748"}],"wp:attachment":[{"href":"https:\/\/upstreamfactory.com\/pl\/wp-json\/wp\/v2\/media?parent=3753"}],"wp:term":[{"taxonomy":"product_brand","embeddable":true,"href":"https:\/\/upstreamfactory.com\/pl\/wp-json\/wp\/v2\/product_brand?post=3753"},{"taxonomy":"product_cat","embeddable":true,"href":"https:\/\/upstreamfactory.com\/pl\/wp-json\/wp\/v2\/product_cat?post=3753"},{"taxonomy":"product_tag","embeddable":true,"href":"https:\/\/upstreamfactory.com\/pl\/wp-json\/wp\/v2\/product_tag?post=3753"}],"curies":[{"name":"wp","href":"https:\/\/api.w.org\/{rel}","templated":true}]}}