{"id":2172,"date":"2018-02-16T13:28:02","date_gmt":"2018-02-16T13:28:02","guid":{"rendered":"https:\/\/upstreamfactory.com\/pl\/?post_type=product&#038;p=2172"},"modified":"2019-02-07T10:27:13","modified_gmt":"2019-02-07T10:27:13","slug":"lampa-model-os-300p","status":"publish","type":"product","link":"https:\/\/upstreamfactory.com\/pl\/product\/lampa-model-os-300p\/","title":{"rendered":"Lampa model OS-300 P"},"content":{"rendered":"<p>Oferowana lampa poddana zosta\u0142a kompleksowej renowacji tj. piaskowanie element\u00f3w stalowych, na\u0142o\u017cenie bardzo wytrzyma\u0142ej proszkowej pow\u0142oki lakierniczej (korpus RAL 1036 linia premium, pier\u015bcie\u0144 mocuj\u0105cy siatk\u0119 ochronn\u0105 RAL 7016 struktura, siatka ochronna pokryta now\u0105 pow\u0142ok\u0105 galwaniczn\u0105 \u2013 ocynk), wymienione wszystkie \u015bruby, nakr\u0119tki, podk\u0142adki, zainstalowana nowa instalacja elektryczna na bazie atestowanych materia\u0142\u00f3w.<\/p>\n","protected":false},"excerpt":{"rendered":"<p><span class=\"categorybreadcrumbs\"><br \/>\nkategoria: <a href=\"https:\/\/upstreamfactory.com\/pl\/lighting\/\">o\u015bwietlenie<\/a> &gt; <a href=\"https:\/\/upstreamfactory.com\/pl\/factory\/\">fabryka<\/a><br \/>\n<\/span><\/p>\n<p class=\"single-header\">Pierwotne zastosowanie:<\/p>\n<p class=\"single-description\">Oprawa o\u015bwietleniowa sta\u0142a, strugo i py\u0142oodporna przeznaczona do o\u015bwietlania pomieszcze\u0144 fabrycznych i warsztat\u00f3w, gdzie wyst\u0119powa\u0142o zapylenie i mo\u017cliwo\u015b\u0107 mechanicznego uszkodzenia.<\/p>\n<p class=\"single-description\"><i>Producent: Zak\u0142ady Sprz\u0119tu O\u015bwietleniowego Polam Wilkasy, w Wilkasach ko\u0142o Gi\u017cycka<br \/>\n<\/i><i>Lata produkcji: 70-te<\/i><\/p>\n<p class=\"single-header\">Konstrukcja:<\/p>\n<p class=\"single-description\">\u017beliwny, masywny korpus zespolony z kloszem ze szk\u0142a pryzmatycznego zabezpieczonego ochronn\u0105 siatk\u0105 zbudowan\u0105 z drut\u00f3w stalowych. Mo\u017cliwo\u015b\u0107 podwieszenia.<\/p>\n<p class=\"single-description\">Zasilanie: \u017car\u00f3wka z gwintem E 27 o maksymalnej mocy 200 W.<\/p>\n<p class=\"single-header\">Wymiary:<\/p>\n<p class=\"single-description\">Wysoko\u015b\u0107: 41 cm<br \/>\nObw\u00f3d: 95 cm<br \/>\n\u015arednica: 28 cm<br \/>\nWaga: 13 kg<\/p>\n<p class=\"full-specification\"><a href=\"https:\/\/upstreamfactory.com\/pl\/product\/lampa-model-os-300-p-vintage\" target=\"_blank\" rel=\"noopener\">ZOBACZ WERSJ\u0118 VINTAGE TEJ LAMPY<\/a><\/p>\n<p class=\"full-specification\"><a href=\"https:\/\/upstreamfactory.com\/wp-content\/products-pdf\/OS-300_PL.pdf\" target=\"_blank\" rel=\"noopener\">Zobacz pe\u0142n\u0105 specyfikacj\u0119, \u0142\u0105cznie ze szczeg\u00f3\u0142ami renowacji<\/a><\/p>\n","protected":false},"featured_media":4188,"comment_status":"open","ping_status":"closed","template":"","meta":{"_et_pb_use_builder":"","_et_pb_old_content":"","_et_gb_content_width":""},"product_brand":[],"product_cat":[20,15],"product_tag":[],"class_list":{"0":"post-2172","1":"product","2":"type-product","3":"status-publish","4":"has-post-thumbnail","6":"product_cat-factory","7":"product_cat-lighting","9":"first","10":"instock","11":"shipping-taxable","12":"purchasable","13":"product-type-simple"},"_links":{"self":[{"href":"https:\/\/upstreamfactory.com\/pl\/wp-json\/wp\/v2\/product\/2172","targetHints":{"allow":["GET"]}}],"collection":[{"href":"https:\/\/upstreamfactory.com\/pl\/wp-json\/wp\/v2\/product"}],"about":[{"href":"https:\/\/upstreamfactory.com\/pl\/wp-json\/wp\/v2\/types\/product"}],"replies":[{"embeddable":true,"href":"https:\/\/upstreamfactory.com\/pl\/wp-json\/wp\/v2\/comments?post=2172"}],"wp:featuredmedia":[{"embeddable":true,"href":"https:\/\/upstreamfactory.com\/pl\/wp-json\/wp\/v2\/media\/4188"}],"wp:attachment":[{"href":"https:\/\/upstreamfactory.com\/pl\/wp-json\/wp\/v2\/media?parent=2172"}],"wp:term":[{"taxonomy":"product_brand","embeddable":true,"href":"https:\/\/upstreamfactory.com\/pl\/wp-json\/wp\/v2\/product_brand?post=2172"},{"taxonomy":"product_cat","embeddable":true,"href":"https:\/\/upstreamfactory.com\/pl\/wp-json\/wp\/v2\/product_cat?post=2172"},{"taxonomy":"product_tag","embeddable":true,"href":"https:\/\/upstreamfactory.com\/pl\/wp-json\/wp\/v2\/product_tag?post=2172"}],"curies":[{"name":"wp","href":"https:\/\/api.w.org\/{rel}","templated":true}]}}