{"id":2170,"date":"2018-02-16T13:26:53","date_gmt":"2018-02-16T13:26:53","guid":{"rendered":"https:\/\/upstreamfactory.com\/pl\/?post_type=product&#038;p=2170"},"modified":"2019-02-07T10:26:45","modified_gmt":"2019-02-07T10:26:45","slug":"lampa-halowa-model-orpe-250e","status":"publish","type":"product","link":"https:\/\/upstreamfactory.com\/pl\/product\/lampa-halowa-model-orpe-250e\/","title":{"rendered":"Lampa halowa, model \u201cORPE\u201d (ORP-250 E)"},"content":{"rendered":"<p>Oferowana lampa poddana zosta\u0142a kompleksowej renowacji tj. piaskowanie wszystkich element\u00f3w metalowych, pokrycie bardzo wytrzyma\u0142\u0105 proszkow\u0105 pow\u0142ok\u0105 lakiernicz\u0105 RAL 1036 linia premium, stalowa siatka ochronna klosza, uchwyty zamkowe klosza i siatki \u2013 nowa pow\u0142oka galwaniczna \u2013 ocynk, wymienione wszystkie \u015bruby, nakr\u0119tki i podk\u0142adki, nowa instalacja elektryczna na bazie atestowanych materia\u0142\u00f3w.<\/p>\n","protected":false},"excerpt":{"rendered":"<p><span class=\"categorybreadcrumbs\"><br \/>\nkategoria: <a href=\"https:\/\/upstreamfactory.com\/pl\/lighting\/\">o\u015bwietlenie<\/a> > <a href=\"https:\/\/upstreamfactory.com\/pl\/factory\/\">fabryka<\/a><br \/>\n<\/span><\/p>\n<p class=\"single-header\">Pierwotne zastosowanie:<\/p>\n<p class=\"single-description\">Lampa by\u0142a przeznaczona do o\u015bwietlania magazyn\u00f3w, hal fabrycznych, sportowych i innych pomieszcze\u0144 przemys\u0142owych gdzie wyst\u0119powa\u0142o zapylenie i mo\u017cliwo\u015b\u0107 mechanicznego uszkodzenia.<\/p>\n<p class=\"single-description\"><i>Producent Mesko Zak\u0142ady Metalowe Skar\u017cysko Kamienna, ul. Armii Ludowej 1<br \/>\n<\/i><i>Lata 70-te<\/i><\/p>\n<p class=\"single-header\">Konstrukcja:<\/p>\n<p class=\"single-description\">Obudowa wykonana z blachy stalowej w oryginale pokrytej lakierem piecowym od do\u0142u zamkni\u0119ta szklanym pryzmatycznym kloszem pozwalaj\u0105cym na uzyskanie racjonalnego rozsy\u0142u \u015bwiat\u0142a o zmniejszonej luminacji. Klosz os\u0142oni\u0119ty stalow\u0105 siatk\u0105, przystosowana do wieszania za pomoc\u0105 uchwytu znajduj\u0105cego si\u0119 na puszce przy\u0142\u0105czeniowej, lub monta\u017cu w dowolnej pozycji za pomoc\u0105 rurki z gwintem 1\/2 cala.<\/p>\n<p class=\"single-description\">Oprawka \u017car\u00f3wki na gwint E 27 \u2013 maksymalna moc 100 W.<\/p>\n<p class=\"single-header\">Wymiary:<\/p>\n<p class=\"single-description\">Wysoko\u015b\u0107: 65 cm<br \/>\n\u015arednica szk\u0142a: 49 cm<br \/>\nWaga orygina\u0142u: 20 kg<br \/>\nWaga lampy odrestaurowanej: 10 kg<\/p>\n<p class=\"full-specification\"><a href=\"https:\/\/upstreamfactory.com\/pl\/product\/lampa-halowa-model-orpe-orp-250-e-vintage\" target=\"_blank\" rel=\"noopener\">ZOBACZ WERSJ\u0118 VINTAGE TEJ LAMPY<\/a><\/p>\n<p class=\"full-specification\"><a href=\"https:\/\/upstreamfactory.com\/wp-content\/products-pdf\/ORPE_PL.pdf\" target=\"_blank\" rel=\"noopener\">Zobacz pe\u0142n\u0105 specyfikacj\u0119, \u0142\u0105cznie ze szczeg\u00f3\u0142ami renowacji<\/a><\/p>\n","protected":false},"featured_media":4182,"comment_status":"open","ping_status":"closed","template":"","meta":{"_et_pb_use_builder":"","_et_pb_old_content":"","_et_gb_content_width":""},"product_brand":[],"product_cat":[20,15],"product_tag":[],"class_list":{"0":"post-2170","1":"product","2":"type-product","3":"status-publish","4":"has-post-thumbnail","6":"product_cat-factory","7":"product_cat-lighting","9":"first","10":"instock","11":"shipping-taxable","12":"purchasable","13":"product-type-simple"},"_links":{"self":[{"href":"https:\/\/upstreamfactory.com\/pl\/wp-json\/wp\/v2\/product\/2170","targetHints":{"allow":["GET"]}}],"collection":[{"href":"https:\/\/upstreamfactory.com\/pl\/wp-json\/wp\/v2\/product"}],"about":[{"href":"https:\/\/upstreamfactory.com\/pl\/wp-json\/wp\/v2\/types\/product"}],"replies":[{"embeddable":true,"href":"https:\/\/upstreamfactory.com\/pl\/wp-json\/wp\/v2\/comments?post=2170"}],"wp:featuredmedia":[{"embeddable":true,"href":"https:\/\/upstreamfactory.com\/pl\/wp-json\/wp\/v2\/media\/4182"}],"wp:attachment":[{"href":"https:\/\/upstreamfactory.com\/pl\/wp-json\/wp\/v2\/media?parent=2170"}],"wp:term":[{"taxonomy":"product_brand","embeddable":true,"href":"https:\/\/upstreamfactory.com\/pl\/wp-json\/wp\/v2\/product_brand?post=2170"},{"taxonomy":"product_cat","embeddable":true,"href":"https:\/\/upstreamfactory.com\/pl\/wp-json\/wp\/v2\/product_cat?post=2170"},{"taxonomy":"product_tag","embeddable":true,"href":"https:\/\/upstreamfactory.com\/pl\/wp-json\/wp\/v2\/product_tag?post=2170"}],"curies":[{"name":"wp","href":"https:\/\/api.w.org\/{rel}","templated":true}]}}