{"id":2133,"date":"2018-02-16T12:18:11","date_gmt":"2018-02-16T12:18:11","guid":{"rendered":"https:\/\/upstreamfactory.com\/pl\/?post_type=product&#038;p=2133"},"modified":"2019-02-07T10:16:46","modified_gmt":"2019-02-07T10:16:46","slug":"fotel-kinowy-pilot-armchair","status":"publish","type":"product","link":"https:\/\/upstreamfactory.com\/pl\/product\/fotel-kinowy-pilot-armchair\/","title":{"rendered":"Fotel kinowy \u201ePilot\u201d"},"content":{"rendered":"<p>Oferowany fotel zosta\u0142 poddany profesjonalnej kompleksowej renowacji w zakresie prac stolarskich i tapicerskich. Z element\u00f3w drewnianych usuni\u0119te zosta\u0142y wszystkie warstwy lakieru, uzupe\u0142nione ubytki, naniesiona nowa pow\u0142oka lakiernicza. Konstrukcja stalowa siedzenia \u2013 wymienione uszkodzone spr\u0119\u017cyny i uchwyty, nowe poszycie tapicerskie wykonane z naturalnej wysokogatunkowej sk\u00f3ry, wymienione nogi fotela na d\u0142u\u017csze i stabilniejsze wzgl\u0119dem orygina\u0142u.<\/p>\n","protected":false},"excerpt":{"rendered":"<p><span class=\"categorybreadcrumbs\"><br \/>\n<\/span><span class=\"categorybreadcrumbs\">kategoria: <a href=\"https:\/\/upstreamfactory.com\/pl\/furniture\/\">meble<\/a> &gt; <a href=\"https:\/\/upstreamfactory.com\/pl\/old-cinema-collection\/\">w starym kinie<\/a><br \/>\n<\/span><\/p>\n<p class=\"single-header\">Opis:<\/p>\n<p class=\"single-description\">Bazowo oryginalny drewniany fotel kinowy produkcji polskiej z lat 50-tych XX wieku.<\/p>\n<p class=\"single-header\">Budowa:<\/p>\n<p class=\"single-description\">Drewniana konstrukcja \u2013 boki, pod\u0142okietniki i nogi wykonane z litego drewna, profilowane oparcie i p\u0142yta siedziska \u2013 sklejka wielowarstwowa. Cz\u0119\u015b\u0107 siedzeniowa osadzona mimo\u015brodowo z zabudowanym ci\u0119\u017carkiem pozwalaj\u0105cym na samoczynne sk\u0142adanie, stabilna spr\u0119\u017cynowa konstrukcja kanapy klasycznie tapicerowana. Wi\u0119cej informacji o renowacji w linku \u201cpe\u0142ne specyfikacje\u201d poni\u017cej.<\/p>\n<p class=\"single-header\">Wymiary:<\/p>\n<p class=\"single-description\">Ca\u0142kowita wysoko\u015b\u0107: 86 cm<br \/>\nCa\u0142kowita szeroko\u015b\u0107: 57 cm<br \/>\nD\u0142ugo\u015b\u0107 n\u00f3\u017cek: 50 cm<br \/>\nWaga: 25,3 kg<\/p>\n<p class=\"full-specification\"><a href=\"https:\/\/upstreamfactory.com\/wp-content\/products-pdf\/PILOT_FOTEL_PL.pdf\" target=\"_blank\" rel=\"noopener\">Zobacz pe\u0142n\u0105 specyfikacj\u0119 (\u0142\u0105cznie ze szczeg\u00f3\u0142ami renowacji)<\/a><\/p>\n","protected":false},"featured_media":2134,"comment_status":"open","ping_status":"closed","template":"","meta":{"_et_pb_use_builder":"","_et_pb_old_content":"","_et_gb_content_width":""},"product_brand":[],"product_cat":[24,16],"product_tag":[],"class_list":{"0":"post-2133","1":"product","2":"type-product","3":"status-publish","4":"has-post-thumbnail","6":"product_cat-cinema","7":"product_cat-furniture","9":"first","10":"instock","11":"shipping-taxable","12":"purchasable","13":"product-type-simple"},"_links":{"self":[{"href":"https:\/\/upstreamfactory.com\/pl\/wp-json\/wp\/v2\/product\/2133","targetHints":{"allow":["GET"]}}],"collection":[{"href":"https:\/\/upstreamfactory.com\/pl\/wp-json\/wp\/v2\/product"}],"about":[{"href":"https:\/\/upstreamfactory.com\/pl\/wp-json\/wp\/v2\/types\/product"}],"replies":[{"embeddable":true,"href":"https:\/\/upstreamfactory.com\/pl\/wp-json\/wp\/v2\/comments?post=2133"}],"wp:featuredmedia":[{"embeddable":true,"href":"https:\/\/upstreamfactory.com\/pl\/wp-json\/wp\/v2\/media\/2134"}],"wp:attachment":[{"href":"https:\/\/upstreamfactory.com\/pl\/wp-json\/wp\/v2\/media?parent=2133"}],"wp:term":[{"taxonomy":"product_brand","embeddable":true,"href":"https:\/\/upstreamfactory.com\/pl\/wp-json\/wp\/v2\/product_brand?post=2133"},{"taxonomy":"product_cat","embeddable":true,"href":"https:\/\/upstreamfactory.com\/pl\/wp-json\/wp\/v2\/product_cat?post=2133"},{"taxonomy":"product_tag","embeddable":true,"href":"https:\/\/upstreamfactory.com\/pl\/wp-json\/wp\/v2\/product_tag?post=2133"}],"curies":[{"name":"wp","href":"https:\/\/api.w.org\/{rel}","templated":true}]}}