{"id":3605,"date":"2018-03-25T18:57:12","date_gmt":"2018-03-25T18:57:12","guid":{"rendered":"https:\/\/upstreamfactory.com\/pl\/?page_id=3605"},"modified":"2018-11-29T11:53:35","modified_gmt":"2018-11-29T11:53:35","slug":"privacy-policy","status":"publish","type":"page","link":"https:\/\/upstreamfactory.com\/pl\/privacy-policy\/","title":{"rendered":"Polityka prywatno\u015bci"},"content":{"rendered":"<p>[et_pb_section bb_built=&#8221;1&#8243; admin_label=&#8221;Section&#8221; background_color=&#8221;rgba(0,0,0,0)&#8221; _builder_version=&#8221;3.0.89&#8243; module_alignment=&#8221;center&#8221; custom_padding=&#8221;0px||0px|&#8221; disabled=&#8221;off&#8221; disabled_on=&#8221;off|off|on&#8221; custom_css_main_element=&#8221;position:relative;||z-index:100000;&#8221; custom_margin=&#8221;0px||0px|&#8221; next_background_color=&#8221;rgba(255,255,255,0)&#8221;][et_pb_row admin_label=&#8221;Row&#8221; use_custom_width=&#8221;on&#8221; width_unit=&#8221;off&#8221; custom_width_percent=&#8221;100%&#8221; custom_padding=&#8221;0px|0px|0px|0px&#8221; _builder_version=&#8221;3.0.89&#8243; disabled=&#8221;off&#8221; disabled_on=&#8221;||on&#8221; custom_margin=&#8221;0px||0px|&#8221; module_alignment=&#8221;center&#8221; module_class=&#8221;mobilemenurow&#8221;][et_pb_column type=&#8221;4_4&#8243;][et_pb_code admin_label=&#8221;Nag\u0142\u00f3wek (MOBILE) &#8211; Kod&#8221; _builder_version=&#8221;3.17.6&#8243; custom_margin=&#8221;0px||0px|&#8221; custom_padding=&#8221;0px||0px|&#8221;]<p>[et_pb_section bb_built=&#8221;1&#8243; fullwidth=&#8221;on&#8221; specialty=&#8221;off&#8221; _builder_version=&#8221;3.0.89&#8243; background_color=&#8221;rgba(255,255,255,0)&#8221; custom_margin=&#8221;0px||0px|&#8221; custom_padding=&#8221;0px||0px|&#8221; custom_css_main_element=&#8221;max-height:1px !important;&#8221;][et_pb_fullwidth_menu _builder_version=&#8221;3.0.89&#8243; menu_id=&#8221;23&#8243; submenu_direction=&#8221;downwards&#8221; fullwidth_menu=&#8221;on&#8221; background_layout=&#8221;light&#8221; text_orientation=&#8221;center&#8221; custom_margin=&#8221;0px||0px|&#8221; custom_padding=&#8221;0px||0px|&#8221; module_id=&#8221;mobilemenuheader&#8221; \/][et_pb_fullwidth_image _builder_version=&#8221;3.17.6&#8243; src=&#8221;https:\/\/upstreamfactory.com\/pl\/wp-content\/uploads\/2018\/11\/shopping-cart.svg&#8221; module_class=&#8221;koszykmobile&#8221; url=&#8221;https:\/\/upstreamfactory.com\/pl\/cart\/&#8221; \/][et_pb_fullwidth_image _builder_version=&#8221;3.17.6&#8243; src=&#8221;https:\/\/upstreamfactory.com\/pl\/wp-content\/uploads\/2017\/07\/gb_flag.png&#8221; module_class=&#8221;flagamobile&#8221; url=&#8221;https:\/\/upstreamfactory.com\/&#8221; \/][\/et_pb_section]<\/p>\n[\/et_pb_code][\/et_pb_column][\/et_pb_row][\/et_pb_section][et_pb_section bb_built=&#8221;1&#8243; background_color=&#8221;rgba(255,255,255,0)&#8221; _builder_version=&#8221;3.17.6&#8243; max_width=&#8221;50%&#8221; module_alignment=&#8221;center&#8221; custom_margin=&#8221;0px||0px|&#8221; custom_padding=&#8221;1%||2%|&#8221; max_width_tablet=&#8221;90%&#8221; max_width_last_edited=&#8221;on|desktop&#8221; custom_padding_tablet=&#8221;5%||5%|&#8221; custom_padding_last_edited=&#8221;on|tablet&#8221; custom_margin_tablet=&#8221;10%||0px|&#8221; custom_margin_last_edited=&#8221;on|desktop&#8221; prev_background_color=&#8221;rgba(0,0,0,0)&#8221; next_background_color=&#8221;#000000&#8243; disabled=&#8221;off&#8221; disabled_on=&#8221;||on&#8221;][et_pb_row use_custom_width=&#8221;on&#8221; width_unit=&#8221;off&#8221; custom_width_percent=&#8221;100%&#8221; custom_padding=&#8221;0px||0px|&#8221; custom_margin=&#8221;0px||0px|&#8221; background_color=&#8221;rgba(255,255,255,0)&#8221; _builder_version=&#8221;3.0.89&#8243; module_alignment=&#8221;center&#8221; custom_css_main_element=&#8221;display:inline-block !important;&#8221;][et_pb_column type=&#8221;4_4&#8243;][et_pb_image admin_label=&#8221;Logo (MOBILE) &#8211; Obraz&#8221; src=&#8221;https:\/\/upstreamfactory.com\/pl\/wp-content\/uploads\/2017\/12\/logosvg2.svg&#8221; align=&#8221;center&#8221; force_fullwidth=&#8221;on&#8221; module_class=&#8221;svgglow&#8221; _builder_version=&#8221;3.17.6&#8243; custom_margin=&#8221;||0px|&#8221; custom_padding=&#8221;||0px|&#8221; url=&#8221;https:\/\/upstreamfactory.com\/pl\/&#8221; \/][et_pb_image admin_label=&#8221;Tagline pod logo (MOBILE) &#8211; obraz&#8221; src=&#8221;https:\/\/upstreamfactory.com\/pl\/wp-content\/uploads\/2017\/11\/old-objects.png&#8221; align=&#8221;center&#8221; _builder_version=&#8221;3.17.6&#8243; max_width=&#8221;30%&#8221; custom_margin=&#8221;0px||0px|&#8221; custom_padding=&#8221;0px||0px|&#8221; module_alignment=&#8221;center&#8221; \/][\/et_pb_column][\/et_pb_row][\/et_pb_section][et_pb_section bb_built=&#8221;1&#8243; fullwidth=&#8221;off&#8221; specialty=&#8221;off&#8221; _builder_version=&#8221;3.0.89&#8243; background_color=&#8221;rgba(255,255,255,0)&#8221; disabled=&#8221;off&#8221; disabled_on=&#8221;||on&#8221; custom_margin=&#8221;0px||0px|&#8221; custom_padding=&#8221;0px||0px|&#8221; prev_background_color=&#8221;#000000&#8243; next_background_color=&#8221;rgba(34,33,39,0.7)&#8221;][et_pb_row _builder_version=&#8221;3.17.6&#8243; module_alignment=&#8221;center&#8221; make_fullwidth=&#8221;on&#8221; use_custom_width=&#8221;on&#8221; width_unit=&#8221;off&#8221; background_color=&#8221;rgba(255,255,255,0)&#8221; custom_width_percent=&#8221;95%&#8221; custom_margin=&#8221;0px||0px|&#8221; custom_padding=&#8221;0px||0px|&#8221;][et_pb_column type=&#8221;4_4&#8243;][et_pb_code admin_label=&#8221;Search Form (MOBILE) &#8211; Kod&#8221; _builder_version=&#8221;3.17.6&#8243; custom_margin=&#8221;0px||0px|&#8221; custom_padding=&#8221;0px||0px|&#8221; module_class=&#8221;searchformcodebox&#8221;]<div class=\"aws-container\" data-url=\"\/pl\/?wc-ajax=aws_action\" data-siteurl=\"https:\/\/upstreamfactory.com\/pl\" data-lang=\"\" data-show-loader=\"false\" data-show-more=\"false\" data-show-page=\"true\" data-ajax-search=\"true\" data-show-clear=\"false\" data-mobile-screen=\"false\" data-use-analytics=\"false\" data-min-chars=\"1\" data-buttons-order=\"1\" data-timeout=\"300\" data-is-mobile=\"false\" data-page-id=\"0\" data-tax=\"\" ><form class=\"aws-search-form\" action=\"https:\/\/upstreamfactory.com\/pl\/\" method=\"get\" role=\"search\" ><div class=\"aws-wrapper\"><label class=\"aws-search-label\" for=\"69d0987128323\">Wpisz czego szukasz i wci\u015bnij enter<\/label><input type=\"search\" name=\"s\" id=\"69d0987128323\" value=\"\" class=\"aws-search-field\" placeholder=\"Wpisz czego szukasz i wci\u015bnij enter\" autocomplete=\"off\" \/><input type=\"hidden\" name=\"post_type\" value=\"product\"><input type=\"hidden\" name=\"type_aws\" value=\"true\"><div class=\"aws-search-clear\"><span>\u00d7<\/span><\/div><div class=\"aws-loader\"><\/div><\/div><\/form><\/div>[\/et_pb_code][\/et_pb_column][\/et_pb_row][\/et_pb_section][et_pb_section bb_built=&#8221;1&#8243; admin_label=&#8221;section&#8221; background_color=&#8221;rgba(34,33,39,0.7)&#8221; _builder_version=&#8221;3.0.89&#8243; background_image=&#8221;https:\/\/upstreamfactory.com\/pl\/wp-content\/uploads\/2018\/02\/tlo-about-us.jpg&#8221; parallax=&#8221;on&#8221; max_width=&#8221;95%&#8221; module_alignment=&#8221;center&#8221; custom_margin=&#8221;|0px||0px&#8221; custom_padding=&#8221;0px|0px|0px|0px&#8221; transparent_background=&#8221;on&#8221; parallax_method=&#8221;off&#8221; max_width_tablet=&#8221;100%&#8221; max_width_last_edited=&#8221;on|desktop&#8221; prev_background_color=&#8221;rgba(255,255,255,0)&#8221;][et_pb_row admin_label=&#8221;row&#8221; use_custom_width=&#8221;on&#8221; width_unit=&#8221;off&#8221; custom_width_percent=&#8221;75%&#8221; custom_padding=&#8221;3%|0px|3%|0px&#8221; background_color=&#8221;rgba(255,245,245,0)&#8221; _builder_version=&#8221;3.0.89&#8243; module_alignment=&#8221;center&#8221;][et_pb_column type=&#8221;4_4&#8243;][et_pb_code admin_label=&#8221;Linia nad tekstem&#8221; _builder_version=&#8221;3.17.6&#8243; text_orientation=&#8221;center&#8221; max_width=&#8221;4%&#8221; module_alignment=&#8221;center&#8221; custom_margin=&#8221;0px||0.6em|&#8221;]<\/p>\n<div class=\"whiteline-intertitle\"><\/div>\n<p>[\/et_pb_code][et_pb_text admin_label=&#8221;Polityka prywatno\u015bci &#8211; tekst&#8221; module_class=&#8221;intertitle&#8221; _builder_version=&#8221;3.17.6&#8243; text_orientation=&#8221;center&#8221; module_alignment=&#8221;center&#8221; custom_margin=&#8221;||2em|&#8221;]<\/p>\n<p style=\"font-size: 130%; color: #fff;\">POLITYKA PRYWATNO\u015aCI<\/p>\n<p>[\/et_pb_text][et_pb_text admin_label=&#8221;Tre\u015b\u0107 &#8211; tekst&#8221; _builder_version=&#8221;3.17.6&#8243; module_class=&#8221;prawo-tekst&#8221;]<\/p>\n<p>POLITYKA PRYWATNO\u015aCI SKLEPU INTERNETOWEGO<br \/>\nupstreamfactory.com<\/p>\n<p><strong>Informacje og\u00f3lne<\/strong><\/p>\n<p>Niniejszy dokument okre\u015bla zasady prywatno\u015bci w Sklepie internetowym https:\/\/upstreamfactory.com (dalej jako \u201eSklep Internetowy\u201d). Administratorem Sklepu Internetowego jest UPSTREAM FACTORY S.C Maciej Wa\u015bkiewicz, Maciej Kawulski, ul. Miedziana 4A, 00-814 Warszawa, NIP : 5272819490, contact@upstreamfactory.com.<\/p>\n<p><strong>Dane osobowe<\/strong><\/p>\n<p>Administrator zbiera informacje podane dobrowolnie, przez Klient\u00f3w Sklepu Internetowego. Jednak\u017ce podanie oznaczonych danych osobowych jest warunkiem z\u0142o\u017cenia zam\u00f3wienia, natomiast konsekwencj\u0105 ich niepodania b\u0119dzie brak mo\u017cliwo\u015bci zam\u00f3wienia produkt\u00f3w w sklepie.<\/p>\n<p>Ponadto Administrator mo\u017ce zapisa\u0107 informacje o parametrach po\u0142\u0105czenia jak adresy IP w celach technicznych, zwi\u0105zanych z administracj\u0105 serwerami oraz do zbierania og\u00f3lnych, statystycznych informacji demograficznych (np. o regionie, z kt\u00f3rego nast\u0119puje po\u0142\u0105czenie), jak r\u00f3wnie\u017c w celach bezpiecze\u0144stwa.<\/p>\n<p>Dane osobowe zbierane przez Administratora s\u0105 przetwarzane na podstawie Rozporz\u0105dzenia Parlamentu Europejskiego i Rady (UE) 2016\/679 z dnia 27 kwietnia 2016 roku w sprawie ochrony os\u00f3b fizycznych w zwi\u0105zku z przetwarzaniem danych osobowych i w sprawie swobodnego przep\u0142ywu takich danych oraz uchylenia dyrektywy 95\/46\/WE (RODO), aktualnej ustawy o ochronie danych osobowych oraz ustawy z dnia 18 lipca 2002 r. o \u015bwiadczeniu us\u0142ug drog\u0105 elektroniczn\u0105 (Dz.U. 2002 nr 144 poz. 1204 z p\u00f3\u017an. zm.).<\/p>\n<p>Dane osobowe b\u0119d\u0105 przetwarzane w celu realizacji zakup\u00f3w w naszym sklepie internetowym. na podstawie art. 6 ust. 1 lit. b), c) Rozporz\u0105dzenia Parlamentu Europejskiego i Rady (UE) 2016\/679 z dnia 27 kwietnia 2016 roku w sprawie ochrony os\u00f3b fizycznych w zwi\u0105zku z przetwarzaniem danych osobowych i w sprawie swobodnego przep\u0142ywu takich danych oraz uchylenia dyrektywy 95\/46\/WE (RODO).<\/p>\n<p>Po wyra\u017ceniu odr\u0119bnej zgody, na podstawie art. 6 ust. 1 lit. a) RODO dane mog\u0105 by\u0107 przetwarzane r\u00f3wnie\u017c w celu przesy\u0142ania informacji handlowych drog\u0105 elektroniczn\u0105 lub wykonywania telefonicznych po\u0142\u0105cze\u0144 w celu marketingu bezpo\u015bredniego \u2013 odpowiednio w zwi\u0105zku z art. 10 ust. 2 Ustawy z dnia 18 lipca 2002 roku o \u015bwiadczeniu us\u0142ug drog\u0105 elektroniczn\u0105 lub art. 172 ust. 1 Ustawy z dnia 16 lipca 2004 roku \u2013 Prawo Telekomunikacyjne, w tym kierowanych w wyniku profilowania, o ile u\u017cytkownik wyrazi\u0142 stosown\u0105 zgod\u0119.<\/p>\n<p>Dane osobowe b\u0119d\u0105 przetwarzane tak\u017ce w spos\u00f3b zautomatyzowany w formie profilowania, o ile u\u017cytkownik wyrazi na to zgod\u0119 na podstawie art. 6 ust. 1 lit. a) RODO. Konsekwencj\u0105 profilowania b\u0119dzie przypisanie danej osobie profilu w celu podejmowania dotycz\u0105cych jej decyzji b\u0105d\u017a analizy lub przewidywania jej preferencji, zachowa\u0144 i postaw.<\/p>\n<p>W przypadku subskrypcji newslettera przez Klienta, Administrator b\u0119dzie wysy\u0142a\u0142 na podany przez Klienta adres poczty elektronicznej wiadomo\u015bci zawieraj\u0105ce informacje o produktach i us\u0142ugach dost\u0119pnych w Sklepie Internetowym, a tak\u017ce informacje o organizowanych konkursach, promocjach.<\/p>\n<p>Administrator dok\u0142ada szczeg\u00f3lnych stara\u0144 w celu ochrony prywatno\u015bci i informacji mu przekazanych, a dotycz\u0105cych Klient\u00f3w Sklepu Internetowego. Administrator z nale\u017cyt\u0105 staranno\u015bci\u0105 dobiera i stosuje odpowiednie \u015brodki techniczne, w tym o charakterze programistycznym i organizacyjnym, zapewniaj\u0105ce ochron\u0119 przetwarzanych danych, w szczeg\u00f3lno\u015bci zabezpiecza dane przed ich udost\u0119pnieniem osobom nieupowa\u017cnionym, ujawnieniem, utraceniem i zniszczeniem, nieuprawnion\u0105 modyfikacj\u0105, jak r\u00f3wnie\u017c przed ich przetwarzaniem z naruszeniem obowi\u0105zuj\u0105cych przepis\u00f3w prawa.<\/p>\n<p>Dane osobowe s\u0105 przetwarzane zgodnie z zasadami z art. 5 Rozporz\u0105dzenia Parlamentu Europejskiego i Rady (UE) 2016\/679 z dnia 27 kwietnia 2016 roku w sprawie ochrony os\u00f3b fizycznych w zwi\u0105zku z przetwarzaniem danych osobowych i w sprawie swobodnego przep\u0142ywu takich danych oraz uchylenia dyrektywy 95\/46\/WE (RODO). (m.in. zgodno\u015b\u0107 z prawem, rozliczalno\u015b\u0107, rzetelno\u015b\u0107. )<br \/>\nAdministrator mo\u017ce powierzy\u0107 przetwarzanie danych osobowych Klient\u00f3w podmiotom trzecim realizuj\u0105cym niekt\u00f3re us\u0142ugi, a w szczeg\u00f3lno\u015bci realizacj\u0119 dostawy zam\u00f3wienia, realizacj\u0119 p\u0142atno\u015bci, badanie poziomu satysfakcji Klienta w Sklepie Internetowym. m.in.: operatorowi systemu p\u0142atno\u015bci on-line.<\/p>\n<p>Dane osobowe przetwarzane w celach zwi\u0105zanych z realizacj\u0105 zakup\u00f3w b\u0119d\u0105 przetwarzane przez okres niezb\u0119dny do realizacji zakup\u00f3w i zam\u00f3wienia, po czym dane podlegaj\u0105ce archiwizacji b\u0119d\u0105 przechowywane przez okres w\u0142a\u015bciwy dla przedawnienia roszcze\u0144, tj. 10 lat. Dane osobowe przetwarzane w celach marketingowych obj\u0119tych o\u015bwiadczeniem zgody b\u0119d\u0105 przetwarzane do czasu odwo\u0142ania zgody.<\/p>\n<p><strong>Twoje prawa w ochronie danych osobowych<\/strong><\/p>\n<p>Z uwagi na dobrowolny charakter podania przez Klienta swoich danych osobowych, maj\u0105 oni prawo dost\u0119pu do swoich danych osobowych, prawo ich poprawiania, prawo ograniczenia przetwarzania, prawo do przenoszenia danych, prawo usuni\u0119cia, wniesienia sprzeciwu, prawo do cofni\u0119cia zgody w dowolnym momencie.<br \/>\nW przypadku stwierdzenia, \u017ce przetwarzanie danych osobowych narusza przepisy RODO, osoba, kt\u00f3rej dane dotycz\u0105, ma prawo wnie\u015b\u0107 skarg\u0119 do Prezesa Urz\u0119du Ochrony Danych Osobowych.<\/p>\n<p><strong>Polityka cookies sklepu internetowego<\/strong><\/p>\n<p>Podczas przegl\u0105dania stron internetowych Sklepu Internetowego s\u0105 u\u017cywane pliki \u201ecookies\u201d, czyli niewielkie informacje tekstowe, kt\u00f3re s\u0105 zapisywane w urz\u0105dzeniu ko\u0144cowym Klienta w zwi\u0105zku korzystaniem ze Sklepu Internetowego. Ich stosowanie ma na celu poprawne dzia\u0142anie stron internetowych Sklepu Internetowego.<\/p>\n<p>Stosowane przez Administratora pliki \u201ecookies\u201d s\u0105 bezpieczne dla urz\u0105dze\u0144 Klienta. W szczeg\u00f3lno\u015bci t\u0105 drog\u0105 nie jest mo\u017cliwe przedostanie si\u0119 do urz\u0105dze\u0144 Klient\u00f3w wirus\u00f3w lub innego niechcianego oprogramowania lub oprogramowania z\u0142o\u015bliwego. Pliki te pozwalaj\u0105 zidentyfikowa\u0107 oprogramowanie wykorzystywane przez Klienta i dostosowa\u0107 Sklep Internetowy indywidualnie ka\u017cdemu Klientowi. Pliki \u201ecookies\u201d zazwyczaj zawieraj\u0105 nazw\u0119 domeny, z kt\u00f3rej pochodz\u0105, czas przechowywania ich na urz\u0105dzeniu oraz przypisan\u0105 warto\u015b\u0107.<\/p>\n<p>Administrator stosuje dwa rodzaje plik\u00f3w \u201ecookies\u201d:<\/p>\n<p>Cookies sesyjne: s\u0105 przechowywane na urz\u0105dzeniu Klienta Sklepu Internetowego i pozostaj\u0105 tam do momentu zako\u0144czenia sesji danej przegl\u0105darki. Zapisane informacje s\u0105 w\u00f3wczas trwale usuwane z pami\u0119ci urz\u0105dzenia Klienta Sklepu Internetowego. Mechanizm cookies sesyjnych nie pozwala na pobieranie jakichkolwiek danych osobowych ani \u017cadnych informacji poufnych z urz\u0105dzenia Klienta Sklepu Internetowego.<\/p>\n<p>Cookies trwa\u0142e: s\u0105 przechowywane na urz\u0105dzeniu Klienta Sklepu Internetowego i pozostaj\u0105 tam do momentu ich skasowania. Zako\u0144czenie sesji danej przegl\u0105darki lub wy\u0142\u0105czenie urz\u0105dzenia nie powoduje ich usuni\u0119cia z urz\u0105dzenia Klienta Sklepu Internetowego. Mechanizm cookies trwa\u0142ych nie pozwala na pobieranie jakichkolwiek danych osobowych ani \u017cadnych informacji poufnych z urz\u0105dzenia Klienta Sklepu Internetowego.<\/p>\n<p>Cookies\u201d \u201eanalityczne\u201d umo\u017cliwiaj\u0105 lepsze poznanie sposobu interakcji Us\u0142ugobiorcy w zakresie zawarto\u015bci Sklepu, lepiej zorganizowa\u0107 jego uk\u0142ad. \u201cAnalityczne\u201d \u201ecookies\u201d gromadz\u0105 informacje o sposobie korzystania ze Sklepu przez Us\u0142ugobiorc\u0119, typie strony, z jakiej Us\u0142ugobiorca zosta\u0142 przekierowany, oraz liczbie odwiedzin i czasie wizyty Us\u0142ugobiorcy na stronie Sklepu. Informacje te nie rejestruj\u0105 konkretnych danych osobowych Us\u0142ugobiorcy, lecz s\u0142u\u017c\u0105 do opracowania statystyk korzystania ze Sklepu.<\/p>\n<p>Pliki \u201ecookies\u201d mog\u0105 by\u0107 wykorzystane przez sieci reklamowe, w szczeg\u00f3lno\u015bci sie\u0107 Google, do wy\u015bwietlenia reklam dopasowanych do sposobu, w jaki Klient korzysta ze Sklepu Internetowego. W tym celu mog\u0105 zosta\u0107 zachowane informacje o \u015bcie\u017cce nawigacji Klienta lub czasie pozostawania na danej stronie.<\/p>\n<p>W zakresie informacji o preferencjach Klienta gromadzonych przez sie\u0107 reklamow\u0105 Google Klient mo\u017ce przegl\u0105da\u0107 i edytowa\u0107 informacje wynikaj\u0105ce z plik\u00f3w \u201ecookies\u201d przy pomocy narz\u0119dzia: https:\/\/www.google.com\/ads\/preferences\/.<\/p>\n<p>Klient mo\u017ce samodzielnie i w ka\u017cdym czasie zmieni\u0107 ustawienia dotycz\u0105ce plik\u00f3w \u201ecookies\u201d, okre\u015blaj\u0105c warunki ich przechowywania i uzyskiwania dost\u0119pu przez pliki \u201ecookies\u201d do urz\u0105dzenia Klienta. Zmiany ustawie\u0144, o kt\u00f3rych mowa w zdaniu poprzednim, Klient mo\u017ce dokona\u0107 za pomoc\u0105 ustawie\u0144 przegl\u0105darki internetowej lub za pomoc\u0105 konfiguracji us\u0142ugi. Ustawienia te mog\u0105 zosta\u0107 zmienione w szczeg\u00f3lno\u015bci w taki spos\u00f3b, aby blokowa\u0107 automatyczn\u0105 obs\u0142ug\u0119 plik\u00f3w \u201ecookies\u201d w ustawieniach przegl\u0105darki internetowej b\u0105d\u017a informowa\u0107 o ich ka\u017cdorazowym zamieszczeniu na urz\u0105dzeniu Klienta. Szczeg\u00f3\u0142owe informacje o mo\u017cliwo\u015bci i sposobach obs\u0142ugi plik\u00f3w \u201ecookies\u201d dost\u0119pne s\u0105 w ustawieniach oprogramowania (przegl\u0105darki internetowej).<\/p>\n<p>Klient mo\u017ce w ka\u017cdej chwili usun\u0105\u0107 pliki \u201ecookies\u201d korzystaj\u0105c z dost\u0119pnych funkcji w przegl\u0105darce internetowej, kt\u00f3rej u\u017cywa.<br \/>\nOgraniczenie stosowania plik\u00f3w \u201ecookies\u201d, mo\u017ce wp\u0142yn\u0105\u0107 na niekt\u00f3re funkcjonalno\u015bci dost\u0119pne na stronie internetowej Sklepu Internetowego<\/p>\n<p>[\/et_pb_text][\/et_pb_column][\/et_pb_row][\/et_pb_section]<\/p>\n","protected":false},"excerpt":{"rendered":"<p><div class=\"et_pb_section et_pb_section_0 et_pb_fullwidth_section et_section_regular et_section_transparent et_pb_section--with-menu\" data-padding=\"0px||0px|\" >\n\t\t\t\t\n\t\t\t\t\n\t\t\t\t\n\t\t\t\t\n\t\t\t\t\n\t\t\t\t\n\t\t\t\t<div id=\"mobilemenuheader\" class=\"et_pb_module et_pb_fullwidth_menu et_pb_fullwidth_menu_0 et_pb_bg_layout_light  et_pb_text_align_center et_dropdown_animation_fade et_pb_fullwidth_menu_fullwidth et_pb_fullwidth_menu--without-logo et_pb_fullwidth_menu--style-left_aligned\">\n\t\t\t\t\t\n\t\t\t\t\t\n\t\t\t\t\t\n\t\t\t\t\t\n\t\t\t\t\t<div class=\"et_pb_row clearfix\">\n\t\t\t\t\t\t\n\t\t\t\t\t\t<div class=\"et_pb_menu__wrap\">\n\t\t\t\t\t\t\t<div class=\"et_pb_menu__menu\">\n\t\t\t\t\t\t\t\t<nav class=\"et-menu-nav fullwidth-menu-nav\"><ul id=\"menu-mobile\" class=\"et-menu fullwidth-menu nav downwards\"><li id=\"menu-item-2919\" class=\"et_pb_menu_page_id-2425 menu-item menu-item-type-post_type menu-item-object-page menu-item-has-children menu-item-2919\"><a href=\"https:\/\/upstreamfactory.com\/pl\/our-products\/\">PRODUKTY<\/a>\n<ul class=\"sub-menu\">\n\t<li id=\"menu-item-2923\" class=\"et_pb_menu_page_id-2320 menu-item menu-item-type-post_type menu-item-object-page menu-item-2923\"><a href=\"https:\/\/upstreamfactory.com\/pl\/lighting\/\">O\u015aWIETLENIE<\/a><\/li>\n\t<li id=\"menu-item-2922\" class=\"et_pb_menu_page_id-2322 menu-item menu-item-type-post_type menu-item-object-page menu-item-2922\"><a href=\"https:\/\/upstreamfactory.com\/pl\/interior\/\">MEBLE<\/a><\/li>\n\t<li id=\"menu-item-4236\" class=\"et_pb_menu_page_id-4219 menu-item menu-item-type-post_type menu-item-object-page menu-item-4236\"><a href=\"https:\/\/upstreamfactory.com\/pl\/decorative-objects\/\">PRZEDMIOTY DEKORACYJNE<\/a><\/li>\n\t<li id=\"menu-item-2920\" class=\"et_pb_menu_page_id-2561 menu-item menu-item-type-post_type menu-item-object-page menu-item-2920\"><a href=\"https:\/\/upstreamfactory.com\/pl\/custom-works\/\">NIESTANDARDOWE PROJEKTY<\/a><\/li>\n<\/ul>\n<\/li>\n<li id=\"menu-item-2930\" class=\"et_pb_menu_page_id-2577 menu-item menu-item-type-post_type menu-item-object-page menu-item-2930\"><a href=\"https:\/\/upstreamfactory.com\/pl\/about-us\/\">O NAS<\/a><\/li>\n<li id=\"menu-item-3700\" class=\"et_pb_menu_page_id-3608 menu-item menu-item-type-post_type menu-item-object-page menu-item-3700\"><a href=\"https:\/\/upstreamfactory.com\/pl\/contact\/\">KONTAKT<\/a><\/li>\n<li id=\"menu-item-3701\" class=\"et_pb_menu_page_id-2633 menu-item menu-item-type-post_type menu-item-object-page menu-item-3701\"><a href=\"https:\/\/upstreamfactory.com\/pl\/my-account\/\">MOJE KONTO<\/a><\/li>\n<\/ul><\/nav>\n\t\t\t\t\t\t\t<\/div>\n\t\t\t\t\t\t\t\n\t\t\t\t\t\t\t\n\t\t\t\t\t\t\t<div class=\"et_mobile_nav_menu\">\n\t\t\t\t<div class=\"mobile_nav closed\">\n\t\t\t\t\t<span class=\"mobile_menu_bar\"><\/span>\n\t\t\t\t<\/div>\n\t\t\t<\/div>\n\t\t\t\t\t\t<\/div>\n\t\t\t\t\t\t\n\t\t\t\t\t<\/div>\n\t\t\t\t<\/div><div class=\"et_pb_module et_pb_fullwidth_image et_pb_fullwidth_image_0 koszykmobile\">\n\t\t\t\t\n\t\t\t\t\n\t\t\t\t\n\t\t\t\t\n\t\t\t\t<a href=\"https:\/\/upstreamfactory.com\/pl\/cart\/\"><img decoding=\"async\" src=\"https:\/\/upstreamfactory.com\/pl\/wp-content\/uploads\/2018\/11\/shopping-cart.svg\" alt=\"\" title=\"\" class=\"wp-image-4739\" \/>\n\t\t\t<\/a>\n\t\t\t<\/div><div class=\"et_pb_module et_pb_fullwidth_image et_pb_fullwidth_image_1 flagamobile\">\n\t\t\t\t\n\t\t\t\t\n\t\t\t\t\n\t\t\t\t\n\t\t\t\t<a href=\"https:\/\/upstreamfactory.com\/\"><img loading=\"lazy\" decoding=\"async\" width=\"64\" height=\"64\" src=\"https:\/\/upstreamfactory.com\/pl\/wp-content\/uploads\/2017\/07\/gb_flag.png\" alt=\"\" title=\"\" class=\"wp-image-4966\" \/>\n\t\t\t<\/a>\n\t\t\t<\/div>\n\t\t\t\t\n\t\t\t\t\n\t\t\t<\/div>\n<div class=\"aws-container\" data-url=\"\/pl\/?wc-ajax=aws_action\" data-siteurl=\"https:\/\/upstreamfactory.com\/pl\" data-lang=\"\" data-show-loader=\"false\" data-show-more=\"false\" data-show-page=\"true\" data-ajax-search=\"true\" data-show-clear=\"false\" data-mobile-screen=\"false\" data-use-analytics=\"false\" data-min-chars=\"1\" data-buttons-order=\"1\" data-timeout=\"300\" data-is-mobile=\"false\" data-page-id=\"0\" data-tax=\"\" ><form class=\"aws-search-form\" action=\"https:\/\/upstreamfactory.com\/pl\/\" method=\"get\" role=\"search\" ><div class=\"aws-wrapper\"><label class=\"aws-search-label\" for=\"69d09871416db\">Wpisz czego szukasz i wci\u015bnij enter<\/label><input type=\"search\" name=\"s\" id=\"69d09871416db\" value=\"\" class=\"aws-search-field\" placeholder=\"Wpisz czego szukasz i wci\u015bnij enter\" autocomplete=\"off\" \/><input type=\"hidden\" name=\"post_type\" value=\"product\"><input type=\"hidden\" name=\"type_aws\" value=\"true\"><div class=\"aws-search-clear\"><span>\u00d7<\/span><\/div><div class=\"aws-loader\"><\/div><\/div><\/form><\/div> POLITYKA PRYWATNO\u015aCI POLITYKA PRYWATNO\u015aCI SKLEPU INTERNETOWEGO upstreamfactory.com Informacje og\u00f3lne Niniejszy dokument okre\u015bla zasady prywatno\u015bci w Sklepie internetowym https:\/\/upstreamfactory.com (dalej jako \u201eSklep Internetowy\u201d). Administratorem Sklepu Internetowego jest UPSTREAM FACTORY S.C Maciej Wa\u015bkiewicz, Maciej Kawulski, ul. Miedziana 4A, 00-814 Warszawa, NIP : 5272819490, contact@upstreamfactory.com. Dane osobowe Administrator zbiera informacje podane dobrowolnie, przez Klient\u00f3w Sklepu Internetowego. [&hellip;]<\/p>\n","protected":false},"author":1,"featured_media":0,"parent":0,"menu_order":0,"comment_status":"closed","ping_status":"closed","template":"","meta":{"_et_pb_use_builder":"on","_et_pb_old_content":"","_et_gb_content_width":"","footnotes":""},"class_list":["post-3605","page","type-page","status-publish","hentry"],"_links":{"self":[{"href":"https:\/\/upstreamfactory.com\/pl\/wp-json\/wp\/v2\/pages\/3605","targetHints":{"allow":["GET"]}}],"collection":[{"href":"https:\/\/upstreamfactory.com\/pl\/wp-json\/wp\/v2\/pages"}],"about":[{"href":"https:\/\/upstreamfactory.com\/pl\/wp-json\/wp\/v2\/types\/page"}],"author":[{"embeddable":true,"href":"https:\/\/upstreamfactory.com\/pl\/wp-json\/wp\/v2\/users\/1"}],"replies":[{"embeddable":true,"href":"https:\/\/upstreamfactory.com\/pl\/wp-json\/wp\/v2\/comments?post=3605"}],"version-history":[{"count":14,"href":"https:\/\/upstreamfactory.com\/pl\/wp-json\/wp\/v2\/pages\/3605\/revisions"}],"predecessor-version":[{"id":4951,"href":"https:\/\/upstreamfactory.com\/pl\/wp-json\/wp\/v2\/pages\/3605\/revisions\/4951"}],"wp:attachment":[{"href":"https:\/\/upstreamfactory.com\/pl\/wp-json\/wp\/v2\/media?parent=3605"}],"curies":[{"name":"wp","href":"https:\/\/api.w.org\/{rel}","templated":true}]}}